{"id":987497301,"date":"2024-08-29T15:20:56","date_gmt":"2024-08-29T15:20:56","guid":{"rendered":"https:\/\/gruppovaccara.com\/gebiet\/"},"modified":"2025-11-21T15:33:09","modified_gmt":"2025-11-21T15:33:09","slug":"gebiet","status":"publish","type":"page","link":"https:\/\/gruppovaccara.com\/de\/gebiet\/","title":{"rendered":"Gebiet"},"content":{"rendered":"<p>[et_pb_section fb_built=&#8220;1&#8243; fullwidth=&#8220;on&#8220; custom_padding_last_edited=&#8220;on|desktop&#8220; _builder_version=&#8220;4.27.4&#8243; _module_preset=&#8220;default&#8220; background_image=&#8220;https:\/\/gruppovaccara.com\/wp-content\/uploads\/2025\/11\/GRUPPO-VACCARA-raccolta-olive-SISILAB-04.jpg&#8220; min_height_tablet=&#8220;&#8220; min_height_phone=&#8220;&#8220; min_height_last_edited=&#8220;on|phone&#8220; custom_padding=&#8220;300px||300px||true|false&#8220; custom_padding_tablet=&#8220;300px||300px||true|false&#8220; custom_padding_phone=&#8220;300px||300px||true|false&#8220; locked=&#8220;off&#8220; global_colors_info=&#8220;{}&#8220;][\/et_pb_section][et_pb_section fb_built=&#8220;1&#8243; _builder_version=&#8220;4.27.0&#8243; _module_preset=&#8220;default&#8220; background_color=&#8220;#f3f0e8&#8243; overflow-x=&#8220;visible&#8220; overflow-y=&#8220;visible&#8220; custom_padding=&#8220;||60px|||&#8220; locked=&#8220;off&#8220; global_colors_info=&#8220;{}&#8220;][et_pb_row column_structure=&#8220;1_2,1_2&#8243; disabled_on=&#8220;on|off|off&#8220; _builder_version=&#8220;4.27.4&#8243; _module_preset=&#8220;default&#8220; hover_enabled=&#8220;0&#8243; locked=&#8220;off&#8220; global_colors_info=&#8220;{}&#8220; custom_css_free_form=&#8220;selector{display:flex;align-items:center;justify-content:center;flex-wrap:wrap}&#8220; sticky_enabled=&#8220;0&#8243;][et_pb_column type=&#8220;1_2&#8243; _builder_version=&#8220;4.27.4&#8243; _module_preset=&#8220;default&#8220; global_colors_info=&#8220;{}&#8220;][et_pb_text _builder_version=&#8220;4.27.4&#8243; _module_preset=&#8220;default&#8220; custom_margin=&#8220;||20px||false|false&#8220; global_colors_info=&#8220;{}&#8220;]<\/p>\n<p>SANTA NINFA<\/p>\n<p>[\/et_pb_text][et_pb_text _builder_version=&#8220;4.27.4&#8243; _module_preset=&#8220;default&#8220; text_font=&#8220;Barlow Condensed|700|||||||&#8220; text_text_color=&#8220;rgba(0,0,0,0.15)&#8220; text_font_size=&#8220;60px&#8220; custom_margin=&#8220;||20px||false|false&#8220; global_colors_info=&#8220;{}&#8220;]<\/p>\n<p>Territorio<\/p>\n<p>[\/et_pb_text][et_pb_text _builder_version=&#8220;4.27.4&#8243; _module_preset=&#8220;default&#8220; text_font=&#8220;|300|||||||&#8220; global_colors_info=&#8220;{}&#8220;]<\/p>\n<p>Im Valle del Belice in Sizilien (in den Gemeinden Castelcampobello di Mazara, Partanna, Santa Ninfa, Poggioreale und Salaparuta) es produziert eine der besten Oliven\u00f6le, deren Basis die Sorte Nocellara. 97% der Olivenb\u00e4ume sind die Sorte Nocellara; Sorten von einem moderaten Wachstum, mit h\u00e4ngenden Zweigen f\u00fcr einen guten Zweck, selbst unvereinbar mit konstanter Produktivit\u00e4t, gro\u00dfen Fr\u00fcchten (5-7 Gramm), fast sph\u00e4rischer Form, fest und knackig, tiefgr\u00fcne Farbe vor der F\u00e4rbung, die, wenn sie reif weinig rot. Die Pulpe 85% des gesamten drupe darstellt, ist die \u00d6lausbeute rund 18 bis 20%, ist die Qualit\u00e4t ausgezeichnet; Aus diesem Grunde ist es Doppelzweck-Sorten (- Kantine \u00d6l) in Betracht gezogen. Diese Vielfalt, bevorzugt frische und lockere Erde, auch wenn es zufriedenstellend Produktionen in nicht optimalen Bodenbedingungen zu geben, schl\u00e4gt fehl.   <\/p>\n<p>[\/et_pb_text][\/et_pb_column][et_pb_column type=&#8220;1_2&#8243; _builder_version=&#8220;4.27.4&#8243; _module_preset=&#8220;default&#8220; global_colors_info=&#8220;{}&#8220;][et_pb_image src=&#8220;https:\/\/gruppovaccara.com\/wp-content\/uploads\/2025\/11\/GRUPPO-VACCARA-raccolta-olive-SISILAB-59-1.jpg&#8220; title_text=&#8220;GRUPPO VACCARA &#8211; raccolta olive SISILAB &#8211; 59 (1)&#8220; align=&#8220;right&#8220; force_fullwidth=&#8220;on&#8220; align_tablet=&#8220;left&#8220; align_phone=&#8220;&#8220; align_last_edited=&#8220;on|phone&#8220; disabled_on=&#8220;off|off|off&#8220; _builder_version=&#8220;4.27.4&#8243; _module_preset=&#8220;default&#8220; width_tablet=&#8220;&#8220; width_phone=&#8220;&#8220; width_last_edited=&#8220;on|tablet&#8220; scroll_vertical_motion_enable=&#8220;on&#8220; scroll_vertical_motion=&#8220;0|50|50|100|1|0|-0.5&#8243; module_alignment_tablet=&#8220;left&#8220; module_alignment_phone=&#8220;&#8220; module_alignment_last_edited=&#8220;on|tablet&#8220; global_colors_info=&#8220;{}&#8220;][\/et_pb_image][\/et_pb_column][\/et_pb_row][et_pb_row column_structure=&#8220;1_2,1_2&#8243; disabled_on=&#8220;on|off|off&#8220; _builder_version=&#8220;4.27.4&#8243; _module_preset=&#8220;default&#8220; hover_enabled=&#8220;0&#8243; global_colors_info=&#8220;{}&#8220; custom_css_free_form=&#8220;selector{display:flex;align-items:center;justify-content:center;flex-wrap:wrap}&#8220; sticky_enabled=&#8220;0&#8243;][et_pb_column type=&#8220;1_2&#8243; _builder_version=&#8220;4.27.4&#8243; _module_preset=&#8220;default&#8220; global_colors_info=&#8220;{}&#8220;][et_pb_image src=&#8220;https:\/\/gruppovaccara.com\/wp-content\/uploads\/2025\/11\/GRUPPO-VACCARA-raccolta-olive-SISILAB-22.jpg&#8220; title_text=&#8220;GRUPPO VACCARA &#8211; raccolta olive SISILAB &#8211; 22&#8243; _builder_version=&#8220;4.27.4&#8243; _module_preset=&#8220;default&#8220; custom_margin=&#8220;|-63px||||&#8220; global_colors_info=&#8220;{}&#8220;][\/et_pb_image][\/et_pb_column][et_pb_column type=&#8220;1_2&#8243; _builder_version=&#8220;4.27.4&#8243; _module_preset=&#8220;default&#8220; global_colors_info=&#8220;{}&#8220;][et_pb_text _builder_version=&#8220;4.27.4&#8243; _module_preset=&#8220;default&#8220; text_font=&#8220;|300|||||||&#8220; custom_margin=&#8220;||||false|true&#8220; custom_padding=&#8220;17px||17px||true|&#8220; global_colors_info=&#8220;{}&#8220;]<\/p>\n<p>Der Widerstand gegen die wichtigsten Krankheiten ist bescheiden; in der Tat ist die Nocellara f\u00fcr das Auge des Pfaus sinnvoll, die Cercospora, zu Verticillium, R\u00e4ude und Angriff zu fliegen. Die restlichen 3% der Pflanzen wird durch Buscionetto Kultivaren, Giarraffa, Cerasuola oder palermitana dargestellt. Ihr einziger Zweck ist es, die Nocellara, unter Ausschlu\u00df von Cerasuola best\u00e4uben, da es androsterile. ist. Die Sammlung und Produktionsstandort befindet sich in der Provinz Trapani im Westen Siziliens in einem h\u00fcgeliges Gebiet, wo der Fluss Belice liegt.   <\/p>\n<p>Genau dort, wo der Fluss m\u00fcndet, in der N\u00e4he von Selinunte wo Olivenanbau und \u00d6lproduktion vom Beginn der Ansiedlung der ersten Populationen von Sizilianer befinden ,Elimi, Ph\u00f6nizier und Griechen werden von Alten M\u00fchlsteine die in der N\u00e4he der Tempel (V Jahrhundert vor Christus )endekt.<\/p>\n<p>[\/et_pb_text][\/et_pb_column][\/et_pb_row][et_pb_row disabled_on=&#8220;off|on|on&#8220; _builder_version=&#8220;4.27.0&#8243; _module_preset=&#8220;default&#8220; global_colors_info=&#8220;{}&#8220;][et_pb_column type=&#8220;4_4&#8243; _builder_version=&#8220;4.27.0&#8243; _module_preset=&#8220;default&#8220; global_colors_info=&#8220;{}&#8220;][et_pb_text _builder_version=&#8220;4.27.0&#8243; _module_preset=&#8220;default&#8220; text_font=&#8220;|300|||||||&#8220; global_colors_info=&#8220;{}&#8220;]<\/p>\n<h1>SANTA NINFA<\/h1>\n<p>[\/et_pb_text][et_pb_text _builder_version=&#8220;4.27.4&#8243; _module_preset=&#8220;default&#8220; text_font=&#8220;Barlow Condensed|700|||||||&#8220; text_text_color=&#8220;rgba(0,0,0,0.15)&#8220; text_font_size=&#8220;60px&#8220; custom_margin=&#8220;||20px||false|false&#8220; locked=&#8220;off&#8220; global_colors_info=&#8220;{}&#8220;]<\/p>\n<p>Territorio<\/p>\n<p>[\/et_pb_text][et_pb_text _builder_version=&#8220;4.27.4&#8243; _module_preset=&#8220;default&#8220; text_font=&#8220;|300|||||||&#8220; global_colors_info=&#8220;{}&#8220;]<\/p>\n<p>Nella Valle del Bel\u00ecce in Sicilia (nei comuni di Castelvetrano, Campobello di Mazara, Partanna, Santa Ninfa, Poggioreale e Salaparuta) si produce uno fra i migliori oli di oliva, la cui base \u00e8 la Cultivar Nocellara del Belice. <\/p>\n<p>Il 97% delle piante di olivo sono della variet\u00e0 Nocellara del Belice; cultivar di modesto sviluppo, con rametti a frutto penduli, autoincompatibile, con produttivit\u00e0 costante , frutto grosso (5 &#8211; 7 grammi) di forma quasi sferica, polpa soda e croccante, colore verde intenso prima dell\u2019invaiatura che a maturazione diventa rosso vinoso.<\/p>\n<p>La polpa rappresenta l\u201985% dell\u2019intera drupa, la resa in olio si aggira intorno al 18 \u2013 20 %, la qualit\u00e0 \u00e8 ottima; per questo motivo \u00e8 considerata cultivar a duplice attitudine (olio \u2013 mensa). Questa variet\u00e0, predilige terreni freschi e sciolti, anche se riesce a dare produzioni soddisfacenti in condizioni pedologiche non ottimali.<\/p>\n<p>[\/et_pb_text][\/et_pb_column][\/et_pb_row][et_pb_row disabled_on=&#8220;off|on|on&#8220; _builder_version=&#8220;4.27.0&#8243; _module_preset=&#8220;default&#8220; width=&#8220;100%&#8220; custom_margin=&#8220;0px||||false|false&#8220; custom_padding=&#8220;0px||||false|false&#8220; global_colors_info=&#8220;{}&#8220;][et_pb_column type=&#8220;4_4&#8243; _builder_version=&#8220;4.27.0&#8243; _module_preset=&#8220;default&#8220; global_colors_info=&#8220;{}&#8220;][et_pb_image src=&#8220;https:\/\/gruppovaccara.com\/wp-content\/uploads\/2025\/11\/GRUPPO-VACCARA-raccolta-olive-SISILAB-22.jpg&#8220; title_text=&#8220;GRUPPO VACCARA &#8211; raccolta olive SISILAB &#8211; 22&#8243; align=&#8220;right&#8220; align_tablet=&#8220;left&#8220; align_phone=&#8220;&#8220; align_last_edited=&#8220;on|phone&#8220; _builder_version=&#8220;4.27.4&#8243; _module_preset=&#8220;default&#8220; width_tablet=&#8220;&#8220; width_phone=&#8220;&#8220; width_last_edited=&#8220;on|tablet&#8220; scroll_vertical_motion_enable=&#8220;on&#8220; scroll_vertical_motion=&#8220;0|50|50|100|1|0|-0.5&#8243; module_alignment_tablet=&#8220;left&#8220; module_alignment_phone=&#8220;&#8220; module_alignment_last_edited=&#8220;on|tablet&#8220; global_colors_info=&#8220;{}&#8220;][\/et_pb_image][\/et_pb_column][\/et_pb_row][et_pb_row disabled_on=&#8220;off|on|on&#8220; _builder_version=&#8220;4.27.4&#8243; _module_preset=&#8220;default&#8220; global_colors_info=&#8220;{}&#8220;][et_pb_column type=&#8220;4_4&#8243; _builder_version=&#8220;4.27.0&#8243; _module_preset=&#8220;default&#8220; global_colors_info=&#8220;{}&#8220;][et_pb_text _builder_version=&#8220;4.27.4&#8243; _module_preset=&#8220;default&#8220; text_font=&#8220;|300|||||||&#8220; global_colors_info=&#8220;{}&#8220;]<\/p>\n<p>La resistenza alle principali malattie \u00e8 modesta; infatti, la Nocellara del Belice \u00e8 sensibile all\u2019occhio di pavone, alla cercospora, alla verticilliosi, alla rogna e agli attacchi di mosca. <\/p>\n<p>Il rimanente 3% di piante \u00e8 rappresentato dalle cultivar Buscionetto, Giarraffa, Cerasuola o Palermitana. Il loro unico scopo \u00e8 quello di impollinare la Nocellara del Belice, con esclusione della Cerasuola, dato che \u00e8 androsterile. Il sito di raccolta e produzione dell&#8217;olio extravergine di oliva Infinito, si trova nella provincia di Trapani nella parte occidentale della Sicilia in un comprensorio, principalmente collinoso, dove si estende il fiume Bel\u00ecce.<\/p>\n<p>Esattamente dove sfocia il fiume, nei pressi di Selinunte la coltivazione dell\u2019ulivo e la produzione dell\u2019olio avviene fin dall\u2019inizio dell\u2019insediamento delle prime popolazioni di Sicani, Elimi, Fenici e Greci, dimostrato dalle antiche macine scoperte vicino ai templi del V secolo a.C.<\/p>\n<p>[\/et_pb_text][\/et_pb_column][\/et_pb_row][et_pb_row column_structure=&#8220;1_4,1_4,1_4,1_4&#8243; use_custom_gutter=&#8220;on&#8220; gutter_width=&#8220;1&#8243; disabled_on=&#8220;off|off|off&#8220; _builder_version=&#8220;4.27.4&#8243; _module_preset=&#8220;default&#8220; width=&#8220;100%&#8220; max_width=&#8220;100%&#8220; custom_margin=&#8220;64px|0px|0px|0px|false|false&#8220; custom_padding=&#8220;|0px||0px|false|false&#8220; locked=&#8220;off&#8220; global_colors_info=&#8220;{}&#8220;][et_pb_column type=&#8220;1_4&#8243; _builder_version=&#8220;4.27.0&#8243; _module_preset=&#8220;default&#8220; global_colors_info=&#8220;{}&#8220;][et_pb_image src=&#8220;https:\/\/gruppovaccara.com\/wp-content\/uploads\/2025\/11\/GRUPPO-VACCARA-raccolta-olive-SISILAB-32.jpg&#8220; title_text=&#8220;GRUPPO VACCARA &#8211; raccolta olive SISILAB &#8211; 32&#8243; align=&#8220;center&#8220; force_fullwidth=&#8220;on&#8220; _builder_version=&#8220;4.27.4&#8243; _module_preset=&#8220;default&#8220; global_colors_info=&#8220;{}&#8220;][\/et_pb_image][\/et_pb_column][et_pb_column type=&#8220;1_4&#8243; _builder_version=&#8220;4.27.0&#8243; _module_preset=&#8220;default&#8220; global_colors_info=&#8220;{}&#8220;][et_pb_image src=&#8220;https:\/\/gruppovaccara.com\/wp-content\/uploads\/2025\/11\/GruppoVaccara-Molitura-SISILAB-1045.jpg&#8220; title_text=&#8220;GruppoVaccara-Molitura-SISILAB-1045&#8243; align=&#8220;center&#8220; force_fullwidth=&#8220;on&#8220; _builder_version=&#8220;4.27.4&#8243; _module_preset=&#8220;default&#8220; global_colors_info=&#8220;{}&#8220;][\/et_pb_image][\/et_pb_column][et_pb_column type=&#8220;1_4&#8243; _builder_version=&#8220;4.27.4&#8243; _module_preset=&#8220;default&#8220; global_colors_info=&#8220;{}&#8220;][et_pb_image src=&#8220;https:\/\/gruppovaccara.com\/wp-content\/uploads\/2025\/11\/GRUPPO-VACCARA-raccolta-olive-SISILAB-41-1.jpg&#8220; title_text=&#8220;GRUPPO VACCARA &#8211; raccolta olive SISILAB &#8211; 41 (1)&#8220; align=&#8220;center&#8220; force_fullwidth=&#8220;on&#8220; _builder_version=&#8220;4.27.4&#8243; _module_preset=&#8220;default&#8220; global_colors_info=&#8220;{}&#8220;][\/et_pb_image][\/et_pb_column][et_pb_column type=&#8220;1_4&#8243; _builder_version=&#8220;4.27.0&#8243; _module_preset=&#8220;default&#8220; global_colors_info=&#8220;{}&#8220;][et_pb_image src=&#8220;https:\/\/gruppovaccara.com\/wp-content\/uploads\/2025\/11\/GRUPPO-VACCARA-raccolta-olive-SISILAB-25.jpg&#8220; title_text=&#8220;GRUPPO VACCARA &#8211; raccolta olive SISILAB &#8211; 25&#8243; align=&#8220;center&#8220; force_fullwidth=&#8220;on&#8220; _builder_version=&#8220;4.27.4&#8243; _module_preset=&#8220;default&#8220; global_colors_info=&#8220;{}&#8220;][\/et_pb_image][\/et_pb_column][\/et_pb_row][\/et_pb_section]<\/p>\n","protected":false},"excerpt":{"rendered":"<p>SANTA NINFATerritorioIm Valle del Belice in Sizilien (in den Gemeinden Castelcampobello di Mazara, Partanna, Santa Ninfa, Poggioreale und Salaparuta) es produziert eine der besten Oliven\u00f6le, deren Basis die Sorte Nocellara. 97% der Olivenb\u00e4ume sind die Sorte Nocellara; Sorten von einem moderaten Wachstum, mit h\u00e4ngenden Zweigen f\u00fcr einen guten Zweck, selbst unvereinbar mit konstanter Produktivit\u00e4t, gro\u00dfen [&hellip;]<\/p>\n","protected":false},"author":1,"featured_media":987496825,"parent":0,"menu_order":0,"comment_status":"closed","ping_status":"closed","template":"","meta":{"_et_pb_use_builder":"on","_et_pb_old_content":"","_et_gb_content_width":"","footnotes":""},"class_list":["post-987497301","page","type-page","status-publish","has-post-thumbnail","hentry"],"acf":[],"_links":{"self":[{"href":"https:\/\/gruppovaccara.com\/de\/wp-json\/wp\/v2\/pages\/987497301","targetHints":{"allow":["GET"]}}],"collection":[{"href":"https:\/\/gruppovaccara.com\/de\/wp-json\/wp\/v2\/pages"}],"about":[{"href":"https:\/\/gruppovaccara.com\/de\/wp-json\/wp\/v2\/types\/page"}],"author":[{"embeddable":true,"href":"https:\/\/gruppovaccara.com\/de\/wp-json\/wp\/v2\/users\/1"}],"replies":[{"embeddable":true,"href":"https:\/\/gruppovaccara.com\/de\/wp-json\/wp\/v2\/comments?post=987497301"}],"version-history":[{"count":0,"href":"https:\/\/gruppovaccara.com\/de\/wp-json\/wp\/v2\/pages\/987497301\/revisions"}],"wp:featuredmedia":[{"embeddable":true,"href":"https:\/\/gruppovaccara.com\/de\/wp-json\/wp\/v2\/media\/987496825"}],"wp:attachment":[{"href":"https:\/\/gruppovaccara.com\/de\/wp-json\/wp\/v2\/media?parent=987497301"}],"curies":[{"name":"wp","href":"https:\/\/api.w.org\/{rel}","templated":true}]}}