{"id":987497759,"date":"2022-06-23T11:52:30","date_gmt":"2022-06-23T11:52:30","guid":{"rendered":"https:\/\/gruppovaccara.com\/privacy-policy\/"},"modified":"2024-12-19T08:31:22","modified_gmt":"2024-12-19T08:31:22","slug":"privacy-policy","status":"publish","type":"page","link":"https:\/\/gruppovaccara.com\/de\/privacy-policy\/","title":{"rendered":"Privacy Policy"},"content":{"rendered":"<p>[et_pb_section fb_built=&#8220;1&#8243; _builder_version=&#8220;4.17.4&#8243; _module_preset=&#8220;default&#8220; background_color=&#8220;#f7f7f7&#8243; custom_padding=&#8220;45px||45px||true|false&#8220; global_colors_info=&#8220;{}&#8220;][et_pb_row _builder_version=&#8220;4.17.4&#8243; _module_preset=&#8220;default&#8220; global_colors_info=&#8220;{}&#8220;][et_pb_column type=&#8220;4_4&#8243; _builder_version=&#8220;4.17.4&#8243; _module_preset=&#8220;default&#8220; global_colors_info=&#8220;{}&#8220;][et_pb_text _builder_version=&#8220;4.17.4&#8243; _dynamic_attributes=&#8220;content&#8220; _module_preset=&#8220;default&#8220; text_font=&#8220;Oswald||||||||&#8220; text_text_color=&#8220;#000000&#8243; text_font_size=&#8220;35px&#8220; text_orientation=&#8220;center&#8220; global_colors_info=&#8220;{}&#8220;]@ET-DC@eyJkeW5hbWljIjp0cnVlLCJjb250ZW50IjoicG9zdF90aXRsZSIsInNldHRpbmdzIjp7ImJlZm9yZSI6IiIsImFmdGVyIjoiIn19@[\/et_pb_text][\/et_pb_column][\/et_pb_row][\/et_pb_section][et_pb_section fb_built=&#8220;1&#8243; _builder_version=&#8220;4.17.4&#8243; _module_preset=&#8220;default&#8220; global_colors_info=&#8220;{}&#8220;][et_pb_row _builder_version=&#8220;4.17.4&#8243; _module_preset=&#8220;default&#8220; width=&#8220;60%&#8220; width_tablet=&#8220;75%&#8220; width_phone=&#8220;70%&#8220; width_last_edited=&#8220;on|desktop&#8220; global_colors_info=&#8220;{}&#8220; custom_margin=&#8220;-7px|auto||auto||&#8220;][et_pb_column type=&#8220;4_4&#8243; _builder_version=&#8220;4.17.4&#8243; _module_preset=&#8220;default&#8220; global_colors_info=&#8220;{}&#8220;][et_pb_text _builder_version=&#8220;4.27.4&#8243; _module_preset=&#8220;default&#8220; text_font=&#8220;|300|||||||&#8220; link_font=&#8220;||||on||||&#8220; link_text_color=&#8220;#000000&#8243; header_2_line_height=&#8220;1.2em&#8220; header_3_line_height=&#8220;1.3em&#8220; header_4_line_height=&#8220;1.4em&#8220; global_colors_info=&#8220;{}&#8220; link_text_color__hover_enabled=&#8220;on|hover&#8220; link_text_color__hover=&#8220;#7c7c7c&#8220;]<\/p>\n<h2>Datenschutzrichtlinie<\/h2>\n<p><strong>Datenverantwortlicher:<\/strong><\/p>\n<p class=\"mobile-undersized-upper\"><span class=\"textnormal mobile-undersized-upper\"><span>Gruppo Vaccara S.r.l.<\/span> <br \/><\/span><\/p>\n<p class=\"mobile-undersized-upper\"><span class=\"textnormal mobile-undersized-upper\">C.da Magazzinazzi, 22. <br \/><\/span><span class=\"textnormal mobile-undersized-upper\">91029 Santa Ninfa (TP) Italia<\/span><\/p>\n<p class=\"mobile-undersized-upper\"><span class=\"textnormal mobile-undersized-upper\"><strong>E-mail:<\/strong> info@gruppovaccara.com <\/span><\/p>\n<p>&nbsp;<\/p>\n<h2>Arten der erfassten Daten:<\/h2>\n<p>Diese Website sammelt verschiedene Arten personenbezogener Daten, sowohl unabh\u00e4ngig als auch \u00fcber Dritte. Zu den erfassten Daten geh\u00f6ren Nutzungsdaten, Vorname, Nachname, Telefonnummer, E-Mail, Geburtsdatum und Geschlecht. Vollst\u00e4ndige Einzelheiten zu jeder Art von Daten finden Sie in den entsprechenden Abschnitten dieser Datenschutzrichtlinie oder in den spezifischen Hinweisen vor der Erfassung. Der Benutzer kann diese Daten freiwillig angeben oder, im Falle von Nutzungsdaten, werden sie beim Surfen auf der Website automatisch erfasst.   <\/p>\n<p>&nbsp;<\/p>\n<h2>Datenpflicht:<\/h2>\n<p>Sofern nicht anders angegeben, handelt es sich bei allen abgefragten Daten um Pflichtdaten. Die Nichtbereitstellung kann zur Unm\u00f6glichkeit der Bereitstellung des Dienstes f\u00fchren. Wenn einige Daten als optional gekennzeichnet sind, steht es den Nutzern frei, diese nicht bereitzustellen, ohne dass dies Auswirkungen auf die Verf\u00fcgbarkeit des Dienstes hat.  <\/p>\n<p>&nbsp;<\/p>\n<h2>Verantwortung f\u00fcr personenbezogene Daten:<\/h2>\n<p>Der Benutzer ist f\u00fcr die personenbezogenen Daten Dritter verantwortlich, die er \u00fcber die Website erh\u00e4lt, ver\u00f6ffentlicht oder weitergibt.<\/p>\n<p>&nbsp;<\/p>\n<h2>Art und Ort der Datenverarbeitung:<\/h2>\n<p>Der Datenverantwortliche ergreift Sicherheitsma\u00dfnahmen, um den unbefugten Zugriff auf personenbezogene Daten zu verhindern. Die Verarbeitung erfolgt mithilfe von IT- und Telematiktools unter Einbeziehung interner und externer, als Datenverarbeiter benannter Personen. Die Daten k\u00f6nnen in den Betriebsb\u00fcros des Eigent\u00fcmers oder an anderen Orten verarbeitet werden, an denen die an der Verarbeitung beteiligten Parteien anwesend sind.  <\/p>\n<p>&nbsp;<\/p>\n<h2>Lagerdauer:<\/h2>\n<p>Personenbezogene Daten werden so lange aufbewahrt, wie es f\u00fcr die Zwecke, f\u00fcr die sie erhoben wurden, erforderlich ist, es sei denn, die Nutzer erteilen gesetzliche Verpflichtungen oder andere Einwilligungen.<\/p>\n<p>&nbsp;<\/p>\n<h2>Zweck der Datenverarbeitung:<\/h2>\n<p>Die Daten des Benutzers werden gesammelt, um dem Eigent\u00fcmer die Bereitstellung des Dienstes, die Erf\u00fcllung gesetzlicher Verpflichtungen, die Beantwortung von Anfragen, den Schutz von Rechten und Interessen, die Identifizierung betr\u00fcgerischer Aktivit\u00e4ten sowie f\u00fcr die Zwecke der Statistik, des Benutzerkontakts, der Interaktion mit sozialen Netzwerken, der Registrierung und Authentifizierung sowie der Anzeige zu erm\u00f6glichen Inhalte von externen Plattformen, Remarketing und Behavioral Targeting, Tag-Management, Kontaktmanagement und Versenden von Nachrichten und Werbung.<\/p>\n<p>Detaillierte Informationen zur Verarbeitung personenbezogener Daten f\u00fcr jeden Zweck finden Sie im Abschnitt \u201eDetails zur Verarbeitung personenbezogener Daten\u201c.<\/p>\n<p>[\/et_pb_text][\/et_pb_column][\/et_pb_row][\/et_pb_section]<\/p>\n","protected":false},"excerpt":{"rendered":"<p>Datenschutzrichtlinie Datenverantwortlicher: Gruppo Vaccara S.r.l. C.da Magazzinazzi, 22. 91029 Santa Ninfa (TP) Italia E-mail: info@gruppovaccara.com &nbsp; Arten der erfassten Daten: Diese Website sammelt verschiedene Arten personenbezogener Daten, sowohl unabh\u00e4ngig als auch \u00fcber Dritte. Zu den erfassten Daten geh\u00f6ren Nutzungsdaten, Vorname, Nachname, Telefonnummer, E-Mail, Geburtsdatum und Geschlecht. Vollst\u00e4ndige Einzelheiten zu jeder Art von Daten finden Sie [&hellip;]<\/p>\n","protected":false},"author":1,"featured_media":0,"parent":0,"menu_order":0,"comment_status":"closed","ping_status":"closed","template":"","meta":{"_et_pb_use_builder":"on","_et_pb_old_content":"","_et_gb_content_width":"","footnotes":""},"class_list":["post-987497759","page","type-page","status-publish","hentry"],"acf":[],"_links":{"self":[{"href":"https:\/\/gruppovaccara.com\/de\/wp-json\/wp\/v2\/pages\/987497759","targetHints":{"allow":["GET"]}}],"collection":[{"href":"https:\/\/gruppovaccara.com\/de\/wp-json\/wp\/v2\/pages"}],"about":[{"href":"https:\/\/gruppovaccara.com\/de\/wp-json\/wp\/v2\/types\/page"}],"author":[{"embeddable":true,"href":"https:\/\/gruppovaccara.com\/de\/wp-json\/wp\/v2\/users\/1"}],"replies":[{"embeddable":true,"href":"https:\/\/gruppovaccara.com\/de\/wp-json\/wp\/v2\/comments?post=987497759"}],"version-history":[{"count":0,"href":"https:\/\/gruppovaccara.com\/de\/wp-json\/wp\/v2\/pages\/987497759\/revisions"}],"wp:attachment":[{"href":"https:\/\/gruppovaccara.com\/de\/wp-json\/wp\/v2\/media?parent=987497759"}],"curies":[{"name":"wp","href":"https:\/\/api.w.org\/{rel}","templated":true}]}}