{"id":987498026,"date":"2024-08-30T09:47:41","date_gmt":"2024-08-30T09:47:41","guid":{"rendered":"https:\/\/gruppovaccara.com\/prodotto\/infinito-chili-oel\/"},"modified":"2026-01-09T11:15:05","modified_gmt":"2026-01-09T11:15:05","slug":"infinito-chili-oel","status":"publish","type":"product","link":"https:\/\/gruppovaccara.com\/de\/prodotto\/infinito-chili-oel\/","title":{"rendered":"Infinito &#8211; Chili-\u00d6l"},"content":{"rendered":"<p>Die Kombination aus nativem Oliven\u00f6l extra Infinito und dem intensiven Geschmack von Chilischoten ist die perfekte W\u00fcrze f\u00fcr alle, die ihre Gerichte mit einem lebendigen und intensiven Geschmack bereichern m\u00f6chten.<br \/>\n<strong>Zutaten:<\/strong> 97% Natives Oliven\u00f6l Extra Infinito, 3% nat\u00fcrliches Chilipfeffer-Aroma<\/p>\n<p>Kontinuierliche Kaltpressung<br \/>\nManuelle Erntetechnik<\/p>\n<p><strong>ORGANOLEPTISCHE NOTEN:<\/strong><\/p>\n<p><strong>ERSCHEINUNG<\/strong><br \/>\nGoldgelbe Farbe mit gr\u00fcnen Reflexen<br \/>\n<strong>GESCHMACK<\/strong><br \/>\nW\u00fcrzig, kraftvoll und anhaltend<br \/>\n<strong>AROMA<\/strong><br \/>\nVerstr\u00f6mt einen stechenden Duft<\/p>\n","protected":false},"excerpt":{"rendered":"<p>Die Kombination aus nativem Oliven\u00f6l extra Infinito und dem intensiven Geschmack von Chilischoten ist die perfekte W\u00fcrze f\u00fcr alle, die ihre Gerichte mit einem lebendigen und intensiven Geschmack bereichern m\u00f6chten.<br \/>\n<strong>Zutaten:<\/strong> 97% Natives Oliven\u00f6l extra Infinito, 3% nat\u00fcrliches Chilipfeffer-Aroma<\/p>\n<p><strong>Format: <\/strong> 250ml<br \/>\n<strong>Jahr:<\/strong> 2025<\/p>\n","protected":false},"featured_media":987496735,"template":"","meta":{"_et_pb_use_builder":"","_et_pb_old_content":"","_et_gb_content_width":""},"product_brand":[],"product_cat":[108],"product_tag":[115,206],"class_list":{"0":"post-987498026","1":"product","2":"type-product","3":"status-publish","4":"has-post-thumbnail","6":"product_cat-ol","7":"product_tag-chili","8":"product_tag-raccolta-2025-de","9":"pa_box-3-flaschen-a-250-ml","10":"pa_box-6-flaschen-a-250-ml","11":"pa_box-einzeln","13":"first","14":"instock","15":"sale","16":"shipping-taxable","17":"purchasable","18":"product-type-variable","19":"has-default-attributes"},"acf":[],"_links":{"self":[{"href":"https:\/\/gruppovaccara.com\/de\/wp-json\/wp\/v2\/product\/987498026","targetHints":{"allow":["GET"]}}],"collection":[{"href":"https:\/\/gruppovaccara.com\/de\/wp-json\/wp\/v2\/product"}],"about":[{"href":"https:\/\/gruppovaccara.com\/de\/wp-json\/wp\/v2\/types\/product"}],"wp:featuredmedia":[{"embeddable":true,"href":"https:\/\/gruppovaccara.com\/de\/wp-json\/wp\/v2\/media\/987496735"}],"wp:attachment":[{"href":"https:\/\/gruppovaccara.com\/de\/wp-json\/wp\/v2\/media?parent=987498026"}],"wp:term":[{"taxonomy":"product_brand","embeddable":true,"href":"https:\/\/gruppovaccara.com\/de\/wp-json\/wp\/v2\/product_brand?post=987498026"},{"taxonomy":"product_cat","embeddable":true,"href":"https:\/\/gruppovaccara.com\/de\/wp-json\/wp\/v2\/product_cat?post=987498026"},{"taxonomy":"product_tag","embeddable":true,"href":"https:\/\/gruppovaccara.com\/de\/wp-json\/wp\/v2\/product_tag?post=987498026"}],"curies":[{"name":"wp","href":"https:\/\/api.w.org\/{rel}","templated":true}]}}