{"id":987498029,"date":"2024-08-30T09:38:52","date_gmt":"2024-08-30T09:38:52","guid":{"rendered":"https:\/\/gruppovaccara.com\/?post_type=product&#038;p=987498029"},"modified":"2026-03-27T10:01:47","modified_gmt":"2026-03-27T10:01:47","slug":"infinito-ol-evo-dop-valle-del-belice","status":"publish","type":"product","link":"https:\/\/gruppovaccara.com\/de\/prodotto\/infinito-ol-evo-dop-valle-del-belice\/","title":{"rendered":"Infinito &#8211; \u00d6l EVO DOP &#8222;Valle del Belice&#8220;"},"content":{"rendered":"<p>Die Herstellung des \u00d6ls mit der unendlichen g.U. \u201eValle del Belice\u201c erfolgt im Herzen von Trapani, im Belice-Tal, das f\u00fcr sein Mikroklima und seinen fruchtbaren Boden bekannt ist. Ein Monokultivar-\u00d6l aus Nocellara del Belice-Oliven, die Anfang November ausgew\u00e4hlt und geerntet werden. Es zeichnet sich durch einen delikaten und s\u00fc\u00dfen Geschmack aus, ideal f\u00fcr alle Gerichte, nicht umsonst ein \u00d6l, das der Haute Cuisine in der ganzen Welt gewidmet ist, ein Produkt, das nicht entt\u00e4uscht.  Dieses \u00d6l sollte nicht gefiltert werden, um sein Aroma und seine Eigenschaften unver\u00e4ndert zu erhalten und um die Qualit\u00e4t dieses \u00d6ls so zu genie\u00dfen, als ob es gerade aus der M\u00fchle k\u00e4me.<\/p>\n<p>Kontinuierliche Kaltpressung<br \/>\nManuelle Erntetechnik<\/p>\n<p><strong>ORGANOLEPTISCHE NOTEN:<br \/>\n<\/strong><br \/>\n<strong>ERSCHEINUNG<\/strong><br \/>\nGr\u00fcne Farbe mit goldgelben Reflexen.<br \/>\n<strong>GESCHMACK<\/strong><br \/>\nBitter und w\u00fcrzig mit einem sehr fruchtigen Nachgeschmack von Artischocke und gr\u00fcner Tomate.<br \/>\n<strong>AROMA<\/strong><br \/>\nLeicht fruchtiges Olivenaroma mit einem Hauch von Gras.<\/p>\n","protected":false},"excerpt":{"rendered":"<p>Das native Oliven\u00f6l extra DOP \u201eValle del Belice\u201c wird im Herzen der Provinz Trapani, im Belice-Tal, hergestellt, das f\u00fcr sein Mikroklima und die Fruchtbarkeit seiner B\u00f6den bekannt ist.<br \/>\nFlaschengr\u00f6\u00dfe: 50 cl<br \/>\nJahrgang: 2025<\/p>\n","protected":false},"featured_media":987498384,"template":"","meta":{"_et_pb_use_builder":"","_et_pb_old_content":"","_et_gb_content_width":""},"product_brand":[],"product_cat":[108],"product_tag":[111,206],"class_list":{"0":"post-987498029","1":"product","2":"type-product","3":"status-publish","4":"has-post-thumbnail","6":"product_cat-ol","7":"product_tag-dop-de","8":"product_tag-raccolta-2025-de","9":"pa_box-3-flaschen-a-50cl","10":"pa_box-6-flaschen-a-50cl","11":"pa_box-einzeln","13":"first","14":"instock","15":"sale","16":"shipping-taxable","17":"purchasable","18":"product-type-variable","19":"has-default-attributes"},"acf":[],"_links":{"self":[{"href":"https:\/\/gruppovaccara.com\/de\/wp-json\/wp\/v2\/product\/987498029","targetHints":{"allow":["GET"]}}],"collection":[{"href":"https:\/\/gruppovaccara.com\/de\/wp-json\/wp\/v2\/product"}],"about":[{"href":"https:\/\/gruppovaccara.com\/de\/wp-json\/wp\/v2\/types\/product"}],"wp:featuredmedia":[{"embeddable":true,"href":"https:\/\/gruppovaccara.com\/de\/wp-json\/wp\/v2\/media\/987498384"}],"wp:attachment":[{"href":"https:\/\/gruppovaccara.com\/de\/wp-json\/wp\/v2\/media?parent=987498029"}],"wp:term":[{"taxonomy":"product_brand","embeddable":true,"href":"https:\/\/gruppovaccara.com\/de\/wp-json\/wp\/v2\/product_brand?post=987498029"},{"taxonomy":"product_cat","embeddable":true,"href":"https:\/\/gruppovaccara.com\/de\/wp-json\/wp\/v2\/product_cat?post=987498029"},{"taxonomy":"product_tag","embeddable":true,"href":"https:\/\/gruppovaccara.com\/de\/wp-json\/wp\/v2\/product_tag?post=987498029"}],"curies":[{"name":"wp","href":"https:\/\/api.w.org\/{rel}","templated":true}]}}