{"id":987498032,"date":"2024-08-30T09:20:12","date_gmt":"2024-08-30T09:20:12","guid":{"rendered":"https:\/\/gruppovaccara.com\/prodotto\/nespeca-oel-evo-bio-igp-bag-in-box\/"},"modified":"2026-01-09T11:15:36","modified_gmt":"2026-01-09T11:15:36","slug":"nespeca-oel-evo-bio-igp-bag-in-box","status":"publish","type":"product","link":"https:\/\/gruppovaccara.com\/de\/prodotto\/nespeca-oel-evo-bio-igp-bag-in-box\/","title":{"rendered":"Nespeca &#8211; \u00d6l EVO bio IGP Sicilia Bag in box"},"content":{"rendered":"<p>Das Bio-\u00d6l Nespeca IGP Sicilia wurde f\u00fcr Liebhaber der Natur und einer gesunden Lebensweise entwickelt. Dieses \u00d6l wird ohne den Einsatz von Pestiziden oder chemischen D\u00fcngemitteln hergestellt, die sowohl f\u00fcr die Umwelt als auch f\u00fcr den Menschen sch\u00e4dlich sind. Er wird ausschlie\u00dflich aus der Pressung der Nocellara del Belice hergestellt, einer au\u00dfergew\u00f6hnlichen Olive mit unglaublichen Eigenschaften, die nicht umsonst die K\u00f6nigin aller Oliven genannt wird. Das Nespeca-\u00d6l zeichnet sich durch einen Hauch von Gras und Artischocke, eine mittlere Fruchtigkeit und einen intensiven Geschmack aus und eignet sich hervorragend zum Anrichten von rohem rotem Fleisch und Salaten. Die Ernte zur Herstellung dieses au\u00dfergew\u00f6hnlichen \u00d6ls erfolgt im Voraus, um die maximalen Eigenschaften dieser fantastischen Olive zu bewahren, bevor die Reife eintritt. Durch die Kaltpressung (nicht \u00fcber 23 Grad) maximieren wir die Aromen, die dieses \u00d6l bieten kann.<br \/>\nKaltpressung mit kontinuierlichem Zyklus<br \/>\nManuelle Erntetechnik<\/p>\n<p><strong>ORGANOLEPTISCHE NOTEN:<\/strong><\/p>\n<p><strong>ERSCHEINUNG<\/strong><br \/>\nGr\u00fcne Farbe mit goldgelben Reflexen.<br \/>\n<strong>GESCHMACK<\/strong><br \/>\nWeich mit einem sehr fruchtigen Nachgeschmack von Artischocke und gr\u00fcner Tomate.<br \/>\n<strong>AROMA<\/strong><br \/>\nLeicht fruchtiges Olivenaroma mit einem Hauch von Gras.<\/p>\n","protected":false},"excerpt":{"rendered":"<p>Das Bio-\u00d6l Nespeca IGP Sicilia wurde f\u00fcr Liebhaber der Natur und einer gesunden Lebensweise entwickelt.<br \/>\nDieses \u00d6l wird ohne den Einsatz von Pestiziden oder chemischen D\u00fcngemitteln hergestellt, die sowohl f\u00fcr die Umwelt als auch f\u00fcr den Menschen sch\u00e4dlich sind.<br \/>\n<strong>Format:<\/strong> 5lt<\/p>\n<p><strong>Jahr:<\/strong> 2025<\/p>\n","protected":false},"featured_media":987498411,"template":"","meta":{"_et_pb_use_builder":"","_et_pb_old_content":"","_et_gb_content_width":""},"product_brand":[],"product_cat":[108],"product_tag":[120,206],"class_list":{"0":"post-987498032","1":"product","2":"type-product","3":"status-publish","4":"has-post-thumbnail","6":"product_cat-ol","7":"product_tag-nespeca-de","8":"product_tag-raccolta-2025-de","9":"pa_box-2-beutel-im-karton-mit-5-l","10":"pa_box-4-beutel-im-karton-mit-5-l","11":"pa_box-einzeln","13":"first","14":"instock","15":"sale","16":"shipping-taxable","17":"purchasable","18":"product-type-variable","19":"has-default-attributes"},"acf":[],"_links":{"self":[{"href":"https:\/\/gruppovaccara.com\/de\/wp-json\/wp\/v2\/product\/987498032","targetHints":{"allow":["GET"]}}],"collection":[{"href":"https:\/\/gruppovaccara.com\/de\/wp-json\/wp\/v2\/product"}],"about":[{"href":"https:\/\/gruppovaccara.com\/de\/wp-json\/wp\/v2\/types\/product"}],"wp:featuredmedia":[{"embeddable":true,"href":"https:\/\/gruppovaccara.com\/de\/wp-json\/wp\/v2\/media\/987498411"}],"wp:attachment":[{"href":"https:\/\/gruppovaccara.com\/de\/wp-json\/wp\/v2\/media?parent=987498032"}],"wp:term":[{"taxonomy":"product_brand","embeddable":true,"href":"https:\/\/gruppovaccara.com\/de\/wp-json\/wp\/v2\/product_brand?post=987498032"},{"taxonomy":"product_cat","embeddable":true,"href":"https:\/\/gruppovaccara.com\/de\/wp-json\/wp\/v2\/product_cat?post=987498032"},{"taxonomy":"product_tag","embeddable":true,"href":"https:\/\/gruppovaccara.com\/de\/wp-json\/wp\/v2\/product_tag?post=987498032"}],"curies":[{"name":"wp","href":"https:\/\/api.w.org\/{rel}","templated":true}]}}