{"id":987498038,"date":"2024-08-30T08:50:56","date_gmt":"2024-08-30T08:50:56","guid":{"rendered":"https:\/\/gruppovaccara.com\/prodotto\/infinito-schwarze-olivenpastete\/"},"modified":"2025-11-24T10:57:52","modified_gmt":"2025-11-24T10:57:52","slug":"infinito-schwarze-olivenpastete","status":"publish","type":"product","link":"https:\/\/gruppovaccara.com\/de\/prodotto\/infinito-schwarze-olivenpastete\/","title":{"rendered":"Infinito &#8211; Schwarze Olivenpastete"},"content":{"rendered":"<p><span class=\"textheading3\">Infinito-Olivenpastete<\/span><span class=\"textheading3\">, ein typisch sizilianisches Rezept, das mit unseren Qualit\u00e4tsoliven ohne Konservierungs- und Farbstoffe zubereitet wird. S\u00fc\u00dfer und delikater Geschmack<\/span>.<\/p>\n<p>Manuelle Erntetechnik<\/p>\n","protected":false},"excerpt":{"rendered":"<p><span class=\"textheading3\">Infinito-Olivenpastete<\/span><span class=\"textheading3\">, ein typisch sizilianisches Rezept, das mit unseren Qualit\u00e4tsoliven ohne Konservierungs- und Farbstoffe zubereitet wird. S\u00fc\u00dfer und delikater Geschmack<\/span>.<\/p>\n<p><strong>Format:<\/strong> 180gr<br \/>\n<strong>Jahr: <\/strong>2024<\/p>\n","protected":false},"featured_media":987497035,"template":"","meta":{"_et_pb_use_builder":"","_et_pb_old_content":"","_et_gb_content_width":""},"product_brand":[],"product_cat":[123],"product_tag":[],"class_list":{"0":"post-987498038","1":"product","2":"type-product","3":"status-publish","4":"has-post-thumbnail","6":"product_cat-pastete","7":"pa_box-3-dosen-a-180-g","8":"pa_box-6-dosen-a-180-g-de","9":"pa_box-einzeln","12":"first","13":"instock","14":"sale","15":"shipping-taxable","16":"purchasable","17":"product-type-variable","18":"has-default-attributes"},"acf":[],"_links":{"self":[{"href":"https:\/\/gruppovaccara.com\/de\/wp-json\/wp\/v2\/product\/987498038","targetHints":{"allow":["GET"]}}],"collection":[{"href":"https:\/\/gruppovaccara.com\/de\/wp-json\/wp\/v2\/product"}],"about":[{"href":"https:\/\/gruppovaccara.com\/de\/wp-json\/wp\/v2\/types\/product"}],"wp:featuredmedia":[{"embeddable":true,"href":"https:\/\/gruppovaccara.com\/de\/wp-json\/wp\/v2\/media\/987497035"}],"wp:attachment":[{"href":"https:\/\/gruppovaccara.com\/de\/wp-json\/wp\/v2\/media?parent=987498038"}],"wp:term":[{"taxonomy":"product_brand","embeddable":true,"href":"https:\/\/gruppovaccara.com\/de\/wp-json\/wp\/v2\/product_brand?post=987498038"},{"taxonomy":"product_cat","embeddable":true,"href":"https:\/\/gruppovaccara.com\/de\/wp-json\/wp\/v2\/product_cat?post=987498038"},{"taxonomy":"product_tag","embeddable":true,"href":"https:\/\/gruppovaccara.com\/de\/wp-json\/wp\/v2\/product_tag?post=987498038"}],"curies":[{"name":"wp","href":"https:\/\/api.w.org\/{rel}","templated":true}]}}