{"id":987498047,"date":"2024-08-30T08:19:21","date_gmt":"2024-08-30T08:19:21","guid":{"rendered":"https:\/\/gruppovaccara.com\/prodotto\/infinito-syrah-igp-sicilia\/"},"modified":"2025-11-24T11:20:15","modified_gmt":"2025-11-24T11:20:15","slug":"infinito-syrah-igp-sicilia","status":"publish","type":"product","link":"https:\/\/gruppovaccara.com\/de\/prodotto\/infinito-syrah-igp-sicilia\/","title":{"rendered":"Infinito &#8211; Syrah IGP Sicilia"},"content":{"rendered":"<p>Infinito Syrah verbarrikadiert Wein mit Noten von Beeren mit w\u00fcrzigen Noten von Tabak, Eukalyptus und Salbei. Der Geschmack ist warm und trocken, ausgewogen in seiner \u00fcppigen Struktur. Passt gut zu rotem Fleisch und ersten G\u00e4ngen mit Fleischsaucen und K\u00e4se.<\/p>\n<p>Manuelle Erntetechnik,<br \/>\nServiertemperatur 16-18\u00b0C<\/p>\n<p>&nbsp;<\/p>\n<p><strong>ORGANOLEPTISCHE NOTEN:<\/strong><\/p>\n<p><strong>ERSCHEINUNG<\/strong><br \/>\nIntensive rubinrote Farbe. <strong>GESCHMACK<\/strong><br \/>\nWarm und trocken, ausgewogen in seiner \u00fcppigen Struktur. <strong>AROMA<\/strong><br \/>\nFr\u00fcchte des Unterholzes mit w\u00fcrzigen Noten von Tabak, Eukalyptus und Salbei.<\/p>\n","protected":false},"excerpt":{"rendered":"<p>Fasswein mit Noten von Beeren mit w\u00fcrzigen Noten von Tabak, Eukalyptus und Salbei. Der Geschmack ist warm und trocken, ausgewogen in seiner \u00fcppigen Struktur. Er passt gut zu rotem Fleisch und ersten G\u00e4ngen mit Fleischsaucen und K\u00e4se.<\/p>\n<p><strong>Format:<\/strong> 75cl<br \/>\n<strong>Jahr: <\/strong>2023<\/p>\n","protected":false},"featured_media":987498651,"template":"","meta":{"_et_pb_use_builder":"","_et_pb_old_content":"","_et_gb_content_width":""},"product_brand":[],"product_cat":[126],"product_tag":[],"class_list":{"0":"post-987498047","1":"product","2":"type-product","3":"status-publish","4":"has-post-thumbnail","6":"product_cat-weine","7":"pa_box-3-75cl-flaschen","8":"pa_box-6-75cl-flaschen","9":"pa_box-einzeln","11":"first","12":"instock","13":"sale","14":"shipping-taxable","15":"purchasable","16":"product-type-variable"},"acf":[],"_links":{"self":[{"href":"https:\/\/gruppovaccara.com\/de\/wp-json\/wp\/v2\/product\/987498047","targetHints":{"allow":["GET"]}}],"collection":[{"href":"https:\/\/gruppovaccara.com\/de\/wp-json\/wp\/v2\/product"}],"about":[{"href":"https:\/\/gruppovaccara.com\/de\/wp-json\/wp\/v2\/types\/product"}],"wp:featuredmedia":[{"embeddable":true,"href":"https:\/\/gruppovaccara.com\/de\/wp-json\/wp\/v2\/media\/987498651"}],"wp:attachment":[{"href":"https:\/\/gruppovaccara.com\/de\/wp-json\/wp\/v2\/media?parent=987498047"}],"wp:term":[{"taxonomy":"product_brand","embeddable":true,"href":"https:\/\/gruppovaccara.com\/de\/wp-json\/wp\/v2\/product_brand?post=987498047"},{"taxonomy":"product_cat","embeddable":true,"href":"https:\/\/gruppovaccara.com\/de\/wp-json\/wp\/v2\/product_cat?post=987498047"},{"taxonomy":"product_tag","embeddable":true,"href":"https:\/\/gruppovaccara.com\/de\/wp-json\/wp\/v2\/product_tag?post=987498047"}],"curies":[{"name":"wp","href":"https:\/\/api.w.org\/{rel}","templated":true}]}}