{"id":987498053,"date":"2024-08-30T07:57:26","date_gmt":"2024-08-30T07:57:26","guid":{"rendered":"https:\/\/gruppovaccara.com\/prodotto\/infinito-aurora-bianco-igp-sicilia\/"},"modified":"2026-01-27T09:34:56","modified_gmt":"2026-01-27T09:34:56","slug":"infinito-aurora-bianco-igp-sicilia","status":"publish","type":"product","link":"https:\/\/gruppovaccara.com\/de\/prodotto\/infinito-aurora-bianco-igp-sicilia\/","title":{"rendered":"Infinito &#8211; Aurora Bianco IGP Sicilia"},"content":{"rendered":"<p>Die Harmonie und Ausgewogenheit der Aromen und Geschmacksrichtungen in Verbindung mit den zart prickelnden Bl\u00e4schen machen Infinito &#8211; Aurora zum perfekten Wein f\u00fcr die sch\u00f6nsten Momente bei Tisch. Ein Wein, der zu Vorspeisen mit Meeresfr\u00fcchten und ersten G\u00e4ngen mit Fisch passt.<br \/>\n50% Grillo, 30% Sauvignon, 20% Zibibbo<\/p>\n<p class=\"textheading3\"><span class=\"textheading3\">Manuelle <\/span> <span class=\"textheading3\">Erntetechnik<br \/>\n<\/span> <span class=\"textheading3\">Servier temperatur<\/span> <span class=\"textheading3\">8-12\u00b0C<\/span><\/p>\n<p>&nbsp;<\/p>\n<p class=\"textheading3\"><strong>ORGANOLEPTISCHE NOTEN:<\/strong><\/p>\n<p class=\"textheading3\"><strong>AUSSEHEN<\/strong><br \/>\nBlass strohgelbe Farbe mit gr\u00fcnen Reflexen.<br \/>\n<strong>GESCHMACK<\/strong><br \/>\nJung, frisch und fruchtig.<br \/>\n<strong>GERUCH<\/strong><br \/>\nDuftend mit aromatischen pflanzlichen Noten, entwickelt Ankl\u00e4nge an gelbe Fr\u00fcchte und s\u00fc\u00dfe Noten.<\/p>\n","protected":false},"excerpt":{"rendered":"<p>Die Harmonie und Ausgewogenheit der Aromen und Geschmacksrichtungen in Verbindung mit den feinperligen Bl\u00e4schen machen Aurora zum perfekten Wein f\u00fcr die sch\u00f6nsten Momente bei Tisch. Ein Wein, der zu Vorspeisen mit Meeresfr\u00fcchten und ersten G\u00e4ngen mit Fisch passt.<br \/>\n50% Grillo, 30% Sauvignon, 20% Zibibbo<\/p>\n<p><strong>Format:<\/strong> 75cl<br \/>\n<strong>Jahr<\/strong>: 2023<\/p>\n","protected":false},"featured_media":987497014,"template":"","meta":{"_et_pb_use_builder":"","_et_pb_old_content":"","_et_gb_content_width":""},"product_brand":[],"product_cat":[126],"product_tag":[],"class_list":{"0":"post-987498053","1":"product","2":"type-product","3":"status-publish","4":"has-post-thumbnail","6":"product_cat-weine","7":"pa_box-3-75cl-flaschen","8":"pa_box-6-75cl-flaschen","9":"pa_box-einzeln","11":"first","12":"instock","13":"sale","14":"shipping-taxable","15":"purchasable","16":"product-type-variable"},"acf":[],"_links":{"self":[{"href":"https:\/\/gruppovaccara.com\/de\/wp-json\/wp\/v2\/product\/987498053","targetHints":{"allow":["GET"]}}],"collection":[{"href":"https:\/\/gruppovaccara.com\/de\/wp-json\/wp\/v2\/product"}],"about":[{"href":"https:\/\/gruppovaccara.com\/de\/wp-json\/wp\/v2\/types\/product"}],"wp:featuredmedia":[{"embeddable":true,"href":"https:\/\/gruppovaccara.com\/de\/wp-json\/wp\/v2\/media\/987497014"}],"wp:attachment":[{"href":"https:\/\/gruppovaccara.com\/de\/wp-json\/wp\/v2\/media?parent=987498053"}],"wp:term":[{"taxonomy":"product_brand","embeddable":true,"href":"https:\/\/gruppovaccara.com\/de\/wp-json\/wp\/v2\/product_brand?post=987498053"},{"taxonomy":"product_cat","embeddable":true,"href":"https:\/\/gruppovaccara.com\/de\/wp-json\/wp\/v2\/product_cat?post=987498053"},{"taxonomy":"product_tag","embeddable":true,"href":"https:\/\/gruppovaccara.com\/de\/wp-json\/wp\/v2\/product_tag?post=987498053"}],"curies":[{"name":"wp","href":"https:\/\/api.w.org\/{rel}","templated":true}]}}