{"id":987498056,"date":"2024-08-30T07:55:42","date_gmt":"2024-08-30T07:55:42","guid":{"rendered":"https:\/\/gruppovaccara.com\/prodotto\/infinito-grillo-doc-sicilia\/"},"modified":"2026-03-27T09:58:59","modified_gmt":"2026-03-27T09:58:59","slug":"infinito-grillo-doc-sicilia","status":"publish","type":"product","link":"https:\/\/gruppovaccara.com\/de\/prodotto\/infinito-grillo-doc-sicilia\/","title":{"rendered":"Infinito &#8211; Grillo DOC Sicilia"},"content":{"rendered":"<p>Infinito &#8211; Grillo, intensiver Wein mit einem Hauch von Heu und exotischen Fr\u00fcchten. Der Geschmack ist angenehm frisch und kr\u00e4ftig. Passt gut zu Vorspeisen mit Meeresfr\u00fcchten und ersten G\u00e4ngen mit Fisch.  <\/p>\n<p class=\"textheading3\"><span class=\"textheading3\">Manuelle<\/span> <span class=\"textheading3\">Erntetechnik<br \/>\n<\/span> <span class=\"textheading3\">Serviertemperatur<\/span><span class=\"textheading3\">10-12\u00b0C<\/span><\/p>\n<p>&nbsp;<\/p>\n<p><strong>ORGANOLEPTISCHE NOTEN:<\/strong><\/p>\n<p><strong>ASPEKT<\/strong><br \/>\nStrohgelbe Farbe.<br \/>\n<strong>GESCHMACK<\/strong><br \/>\nAngenehm frisch, entschlossen und mit einer starken Pers\u00f6nlichkeit.<br \/>\n<strong>AROMA<\/strong><br \/>\nIntensiv mit einem Hauch von Heu und exotischen Fr\u00fcchten.<\/p>\n<p class=\"textheading3\">\n","protected":false},"excerpt":{"rendered":"<p>Intensiver Wein mit einem Hauch von Heu und exotischen Fr\u00fcchten. Der Geschmack ist angenehm frisch und kr\u00e4ftig. Passt gut zu Vorspeisen mit Meeresfr\u00fcchten und ersten G\u00e4ngen mit Fisch.  <\/p>\n<p><strong>Format:<\/strong> 75cl<br \/>\n<strong>Jahr: <\/strong>2023<\/p>\n","protected":false},"featured_media":987498643,"template":"","meta":{"_et_pb_use_builder":"","_et_pb_old_content":"","_et_gb_content_width":""},"product_brand":[],"product_cat":[126],"product_tag":[],"class_list":{"0":"post-987498056","1":"product","2":"type-product","3":"status-publish","4":"has-post-thumbnail","6":"product_cat-weine","7":"pa_box-3-75cl-flaschen","8":"pa_box-6-75cl-flaschen","9":"pa_box-einzeln","11":"first","12":"instock","13":"sale","14":"shipping-taxable","15":"purchasable","16":"product-type-variable","17":"has-default-attributes"},"acf":[],"_links":{"self":[{"href":"https:\/\/gruppovaccara.com\/de\/wp-json\/wp\/v2\/product\/987498056","targetHints":{"allow":["GET"]}}],"collection":[{"href":"https:\/\/gruppovaccara.com\/de\/wp-json\/wp\/v2\/product"}],"about":[{"href":"https:\/\/gruppovaccara.com\/de\/wp-json\/wp\/v2\/types\/product"}],"wp:featuredmedia":[{"embeddable":true,"href":"https:\/\/gruppovaccara.com\/de\/wp-json\/wp\/v2\/media\/987498643"}],"wp:attachment":[{"href":"https:\/\/gruppovaccara.com\/de\/wp-json\/wp\/v2\/media?parent=987498056"}],"wp:term":[{"taxonomy":"product_brand","embeddable":true,"href":"https:\/\/gruppovaccara.com\/de\/wp-json\/wp\/v2\/product_brand?post=987498056"},{"taxonomy":"product_cat","embeddable":true,"href":"https:\/\/gruppovaccara.com\/de\/wp-json\/wp\/v2\/product_cat?post=987498056"},{"taxonomy":"product_tag","embeddable":true,"href":"https:\/\/gruppovaccara.com\/de\/wp-json\/wp\/v2\/product_tag?post=987498056"}],"curies":[{"name":"wp","href":"https:\/\/api.w.org\/{rel}","templated":true}]}}