{"id":987499359,"date":"2025-09-20T15:08:05","date_gmt":"2025-09-20T15:08:05","guid":{"rendered":"https:\/\/gruppovaccara.com\/prodotto\/kit-gusta-ama\/"},"modified":"2025-09-20T15:08:05","modified_gmt":"2025-09-20T15:08:05","slug":"kit-gusta-ama","status":"publish","type":"product","link":"https:\/\/gruppovaccara.com\/de\/prodotto\/kit-gusta-ama\/","title":{"rendered":"Kit \u2013 Gusta &amp; Ama"},"content":{"rendered":"<p>Eine sinnliche Reise ins Herz Siziliens durch drei exquisite native Oliven\u00f6le extra, die sich in Charakter und Intensit\u00e4t unterscheiden, aber durch dieselbe Philosophie vereint sind: absolute Qualit\u00e4t, Handernte und Kaltpressung.<\/p>\n<p>Das Kit \u201eGusta &amp; Ama le Intensit\u00e0\u201d (Genie\u00dfen &amp; Lieben Sie die Intensit\u00e4t) richtet sich an alle, die lernen m\u00f6chten, die Nuancen von EVO-\u00d6l zu erkennen, es richtig zu Gerichten zu kombinieren und eine authentische Verkostungserfahrung zu machen.<\/p>\n<p>Das Kit enth\u00e4lt:<\/p>\n<p>1 Flasche 0,75 l Infinito Blend \u2013 Zarte Intensit\u00e4t<br \/>\n1 Flasche 0,75 l Biologico IGP Sicilia \u201eNespeca\u201d \u2013 Mittlere Intensit\u00e4t<br \/>\n1 Flasche 0,50 l Infinito Dop Valle del Belice \u2013 Kr\u00e4ftige Intensit\u00e4t<\/p>\n<p>\u25cf Milde Intensit\u00e4t \u2013 Infinito Blend 0,75 l<br \/>\nDiese Mischung aus ausgew\u00e4hlten Oliven der Sorten Nocellara del Belice, Biancolilla und Cerasuola macht das \u00d6l Infinito ausgewogen und mild am Gaumen und verleiht ihm einen starken Geschmack nach Artischocken und Tomaten. Es eignet sich ideal zum W\u00fcrzen von Suppen, Salaten und Fischgerichten.<\/p>\n<p>\u25cf\u25cf Mittlere Intensit\u00e4t \u2013 Biologisch IGP Sizilien \u201eNespeca\u201d 0,75 l<br \/>\nEin biologisches \u00d6l mit mittlerer Fruchtigkeit und ausgepr\u00e4gteren pflanzlichen Noten von Gras und Artischocke. Fr\u00fch geerntet und kalt gepresst, hat es einen intensiven, aber ausgewogenen Geschmack, ideal zum Verfeinern von Salaten und rohem rotem Fleisch. <\/p>\n<p>\u25cf\u25cf\u25cf Kr\u00e4ftige Intensit\u00e4t \u2013 DOP Valle del Belice 0,50 l<br \/>\nEine Monokultivar Nocellara del Belice mit bitterem und pikantem Geschmack. Mit Aromen von frischen Oliven, Gras und leichten Noten von Artischocke und gr\u00fcner Tomate.  Dieses \u00d6l sollte nicht gefiltert werden, um sein Aroma und seine Eigenschaften unver\u00e4ndert zu erhalten und um die Qualit\u00e4t dieses \u00d6ls so zu genie\u00dfen, als ob es gerade aus der M\u00fchle k\u00e4me.<\/p>\n<p>&nbsp;<\/p>\n<p>Ein Set zum Vergleichen, Verkosten und Ausw\u00e4hlen, ideal als Geschenk oder um sich mit der Welt des hochwertigen nativen Oliven\u00f6ls extra vertraut zu machen.<\/p>\n","protected":false},"excerpt":{"rendered":"<p>Eine sinnliche Reise ins Herz Siziliens durch drei exquisite native Oliven\u00f6le extra, die sich in Charakter und Intensit\u00e4t unterscheiden, aber durch dieselbe Philosophie vereint sind: absolute Qualit\u00e4t, Handernte und Kaltpressung.<\/p>\n<p>Das Kit \u201eGusta &amp; Ama le Intensit\u00e0\u201d (Genie\u00dfen &amp; Lieben Sie die Intensit\u00e4t) richtet sich an alle, die lernen m\u00f6chten, die Nuancen von EVO-\u00d6l zu erkennen, es richtig zu Gerichten zu kombinieren und eine authentische Verkostungserfahrung zu machen.<\/p>\n<p>Das Kit enth\u00e4lt:<\/p>\n<p>1 Flasche 0,75 l Infinito Blend \u2013 Zarte Intensit\u00e4t<br \/>\n1 Flasche 0,75 l Biologico IGP Sicilia \u201eNespeca\u201d \u2013 Mittlere Intensit\u00e4t<br \/>\n1 Flasche 0,50 l Infinito Dop Valle del Belice \u2013 Kr\u00e4ftige Intensit\u00e4t<\/p>\n<p>&nbsp;<\/p>\n<h3><strong>KOSTENLOSER VERSAND!<\/strong><\/h3>\n","protected":false},"featured_media":987499219,"template":"","meta":{"_et_pb_use_builder":"","_et_pb_old_content":"","_et_gb_content_width":""},"product_brand":[],"product_cat":[108],"product_tag":[219,218],"class_list":{"0":"post-987499359","1":"product","2":"type-product","3":"status-publish","4":"has-post-thumbnail","6":"product_cat-ol","7":"product_tag-im-angebot","8":"product_tag-kit","10":"first","11":"instock","12":"shipping-taxable","13":"purchasable","14":"product-type-simple"},"acf":[],"_links":{"self":[{"href":"https:\/\/gruppovaccara.com\/de\/wp-json\/wp\/v2\/product\/987499359","targetHints":{"allow":["GET"]}}],"collection":[{"href":"https:\/\/gruppovaccara.com\/de\/wp-json\/wp\/v2\/product"}],"about":[{"href":"https:\/\/gruppovaccara.com\/de\/wp-json\/wp\/v2\/types\/product"}],"wp:featuredmedia":[{"embeddable":true,"href":"https:\/\/gruppovaccara.com\/de\/wp-json\/wp\/v2\/media\/987499219"}],"wp:attachment":[{"href":"https:\/\/gruppovaccara.com\/de\/wp-json\/wp\/v2\/media?parent=987499359"}],"wp:term":[{"taxonomy":"product_brand","embeddable":true,"href":"https:\/\/gruppovaccara.com\/de\/wp-json\/wp\/v2\/product_brand?post=987499359"},{"taxonomy":"product_cat","embeddable":true,"href":"https:\/\/gruppovaccara.com\/de\/wp-json\/wp\/v2\/product_cat?post=987499359"},{"taxonomy":"product_tag","embeddable":true,"href":"https:\/\/gruppovaccara.com\/de\/wp-json\/wp\/v2\/product_tag?post=987499359"}],"curies":[{"name":"wp","href":"https:\/\/api.w.org\/{rel}","templated":true}]}}