{"id":987499424,"date":"2025-01-10T09:32:32","date_gmt":"2025-01-10T09:32:32","guid":{"rendered":"https:\/\/gruppovaccara.com\/prodotto\/infinito-geschaelte-sizilianische-mandeln-naturbelassen\/"},"modified":"2025-01-10T09:32:32","modified_gmt":"2025-01-10T09:32:32","slug":"infinito-geschaelte-sizilianische-mandeln-naturbelassen","status":"publish","type":"product","link":"https:\/\/gruppovaccara.com\/de\/prodotto\/infinito-geschaelte-sizilianische-mandeln-naturbelassen\/","title":{"rendered":"INFINITO \u2013 Gesch\u00e4lte sizilianische Mandeln, naturbelassen"},"content":{"rendered":"<p>Die nat\u00fcrlichen sizilianischen Mandeln von Infinito stammen aus den fruchtbaren und sonnigen B\u00f6den der Insel, die f\u00fcr ihre landwirtschaftliche Tradition und das ideale Klima f\u00fcr den Anbau hochwertiger Fr\u00fcchte bekannt ist. Diese Mandeln werden von Hand geerntet und sorgf\u00e4ltig ausgew\u00e4hlt, wodurch ein frisches und frei von chemischen Behandlungen Produkt garantiert wird.<br \/>\nJede Mandel zeichnet sich durch ihren reichhaltigen, s\u00fc\u00dfen und leicht bitteren Geschmack aus, mit einer knusprigen Konsistenz, die im Mund zergeht. Dank des nat\u00fcrlichen Trocknungsprozesses behalten die Mandeln alle ihre N\u00e4hrstoffe bei und bieten eine nat\u00fcrliche Quelle f\u00fcr Proteine, Ballaststoffe, Vitamin E und essentielle Mineralien.<br \/>\nDie sizilianischen Naturmandeln eignen sich perfekt als gesunder Snack, sind aber auch ideal zum Verfeinern von Desserts, Kuchen und Keksen oder zum Verfeinern von herzhaften Gerichten und Salaten, wobei sie jedes Gericht mit ihrem einzigartigen Geschmack bereichern.<br \/>\nDas Produkt ist so verpackt, dass Frische und Qualit\u00e4t erhalten bleiben und h\u00f6chste Authentizit\u00e4t garantiert wird \u2013 direkt aus Sizilien auf deinen Tisch. Ein authentisches und gesundes Geschmackserlebnis, bei dem du eine der gastronomischen Spitzenleistungen der Insel genie\u00dfen kannst.   <\/p>\n","protected":false},"excerpt":{"rendered":"<p>Die nat\u00fcrlichen sizilianischen Mandeln von Infinito stammen aus den fruchtbaren und sonnigen B\u00f6den der Insel, die f\u00fcr ihre landwirtschaftliche Tradition und ihr ideales Klima f\u00fcr den Anbau hochwertiger Fr\u00fcchte bekannt ist.<br \/>Packungsgr\u00f6\u00dfe: 500 g<br \/>\nEinzelpreis: 10,90 \u20ac<\/p>\n","protected":false},"featured_media":987498392,"template":"","meta":{"_et_pb_use_builder":"","_et_pb_old_content":"","_et_gb_content_width":""},"product_brand":[],"product_cat":[229],"product_tag":[],"class_list":{"0":"post-987499424","1":"product","2":"type-product","3":"status-publish","4":"has-post-thumbnail","6":"product_cat-mandeln","7":"pa_box-3-beutel-a-500-g","8":"pa_box-6-beutel-a-500-g","9":"pa_box-einzeln","11":"first","12":"outofstock","13":"sale","14":"shipping-taxable","15":"purchasable","16":"product-type-variable","17":"has-default-attributes"},"acf":[],"_links":{"self":[{"href":"https:\/\/gruppovaccara.com\/de\/wp-json\/wp\/v2\/product\/987499424","targetHints":{"allow":["GET"]}}],"collection":[{"href":"https:\/\/gruppovaccara.com\/de\/wp-json\/wp\/v2\/product"}],"about":[{"href":"https:\/\/gruppovaccara.com\/de\/wp-json\/wp\/v2\/types\/product"}],"wp:featuredmedia":[{"embeddable":true,"href":"https:\/\/gruppovaccara.com\/de\/wp-json\/wp\/v2\/media\/987498392"}],"wp:attachment":[{"href":"https:\/\/gruppovaccara.com\/de\/wp-json\/wp\/v2\/media?parent=987499424"}],"wp:term":[{"taxonomy":"product_brand","embeddable":true,"href":"https:\/\/gruppovaccara.com\/de\/wp-json\/wp\/v2\/product_brand?post=987499424"},{"taxonomy":"product_cat","embeddable":true,"href":"https:\/\/gruppovaccara.com\/de\/wp-json\/wp\/v2\/product_cat?post=987499424"},{"taxonomy":"product_tag","embeddable":true,"href":"https:\/\/gruppovaccara.com\/de\/wp-json\/wp\/v2\/product_tag?post=987499424"}],"curies":[{"name":"wp","href":"https:\/\/api.w.org\/{rel}","templated":true}]}}