{"id":987499428,"date":"2025-01-10T09:36:35","date_gmt":"2025-01-10T09:36:35","guid":{"rendered":"https:\/\/gruppovaccara.com\/prodotto\/infinito-geschaelte-sizilianische-mandeln\/"},"modified":"2025-01-10T09:36:35","modified_gmt":"2025-01-10T09:36:35","slug":"infinito-geschaelte-sizilianische-mandeln","status":"publish","type":"product","link":"https:\/\/gruppovaccara.com\/de\/prodotto\/infinito-geschaelte-sizilianische-mandeln\/","title":{"rendered":"INFINITO \u2013 Gesch\u00e4lte sizilianische Mandeln"},"content":{"rendered":"<p>Die gesch\u00e4lten sizilianischen Mandeln sind eine echte K\u00f6stlichkeit der sizilianischen Tradition, hergestellt aus Mandeln h\u00f6chster Qualit\u00e4t, die auf den fruchtbaren B\u00f6den der Insel angebaut werden. Jede Mandel wird sorgf\u00e4ltig ausgew\u00e4hlt, gesch\u00e4lt und anschlie\u00dfend schonend enth\u00e4utet, um maximale Frische und Zartheit zu gew\u00e4hrleisten.<br \/>\nDiese Mandeln zeichnen sich durch eine feine Konsistenz und einen s\u00fc\u00dfen, delikaten Geschmack ohne jede Bitterkeit aus und sind perfekt f\u00fcr alle, die ein raffiniertes und vielseitiges Produkt suchen. Durch das nat\u00fcrliche Sch\u00e4lverfahren bleiben alle wichtigen N\u00e4hrstoffe wie Vitamine, Mineralien, Ballaststoffe und Proteine erhalten, was sie zu einem gesunden und nahrhaften Lebensmittel macht, ideal als leichter Snack oder zur Verfeinerung Ihrer Rezepte.<br \/>\nDie gesch\u00e4lten sizilianischen Mandeln eignen sich perfekt f\u00fcr die Verwendung in der Konditorei, zur Zubereitung von Kuchen, Keksen und typischen S\u00fc\u00dfspeisen wie der \u201eFrutta Martorana\u201c, aber auch in herzhaften Gerichten, Salaten, M\u00fcsli oder zum Garnieren von Joghurt und Eiscreme.<br \/>\nVerpackt in praktischen, frischhaltenden Verpackungen sind diese Mandeln ein Konzentrat aus K\u00f6stlichkeit und Tradition und bringen die ganze Authentizit\u00e4t Siziliens auf Ihren Tisch. Ein ideales Produkt f\u00fcr alle, die das Beste aus Mandeln in einer sauberen und gebrauchsfertigen Form genie\u00dfen m\u00f6chten.   <\/p>\n","protected":false},"excerpt":{"rendered":"<p>Die gesch\u00e4lten sizilianischen Mandeln sind eine echte K\u00f6stlichkeit der sizilianischen Tradition und werden aus Mandeln h\u00f6chster Qualit\u00e4t hergestellt, die auf den fruchtbaren B\u00f6den der Insel angebaut werden.<br \/>Packungsgr\u00f6\u00dfe: 500 g<\/p>\n","protected":false},"featured_media":987498396,"template":"","meta":{"_et_pb_use_builder":"","_et_pb_old_content":"","_et_gb_content_width":""},"product_brand":[],"product_cat":[229],"product_tag":[],"class_list":{"0":"post-987499428","1":"product","2":"type-product","3":"status-publish","4":"has-post-thumbnail","6":"product_cat-mandeln","7":"pa_box-3-beutel-a-500-g","8":"pa_box-6-beutel-a-500-g","9":"pa_box-einzeln","11":"first","12":"outofstock","13":"sale","14":"shipping-taxable","15":"purchasable","16":"product-type-variable","17":"has-default-attributes"},"acf":[],"_links":{"self":[{"href":"https:\/\/gruppovaccara.com\/de\/wp-json\/wp\/v2\/product\/987499428","targetHints":{"allow":["GET"]}}],"collection":[{"href":"https:\/\/gruppovaccara.com\/de\/wp-json\/wp\/v2\/product"}],"about":[{"href":"https:\/\/gruppovaccara.com\/de\/wp-json\/wp\/v2\/types\/product"}],"wp:featuredmedia":[{"embeddable":true,"href":"https:\/\/gruppovaccara.com\/de\/wp-json\/wp\/v2\/media\/987498396"}],"wp:attachment":[{"href":"https:\/\/gruppovaccara.com\/de\/wp-json\/wp\/v2\/media?parent=987499428"}],"wp:term":[{"taxonomy":"product_brand","embeddable":true,"href":"https:\/\/gruppovaccara.com\/de\/wp-json\/wp\/v2\/product_brand?post=987499428"},{"taxonomy":"product_cat","embeddable":true,"href":"https:\/\/gruppovaccara.com\/de\/wp-json\/wp\/v2\/product_cat?post=987499428"},{"taxonomy":"product_tag","embeddable":true,"href":"https:\/\/gruppovaccara.com\/de\/wp-json\/wp\/v2\/product_tag?post=987499428"}],"curies":[{"name":"wp","href":"https:\/\/api.w.org\/{rel}","templated":true}]}}