{"id":987499432,"date":"2025-01-10T09:56:16","date_gmt":"2025-01-10T09:56:16","guid":{"rendered":"https:\/\/gruppovaccara.com\/prodotto\/infinito-box-mit-streichfaehiger-creme-aus-avola-mandeln\/"},"modified":"2025-01-10T09:56:16","modified_gmt":"2025-01-10T09:56:16","slug":"infinito-box-mit-streichfaehiger-creme-aus-avola-mandeln","status":"publish","type":"product","link":"https:\/\/gruppovaccara.com\/de\/prodotto\/infinito-box-mit-streichfaehiger-creme-aus-avola-mandeln\/","title":{"rendered":"INFINITO \u2013 Box mit streichf\u00e4higer Creme aus Avola-Mandeln"},"content":{"rendered":"<p class=\"p1\">Die sizilianische Mandelcreme von Infinito ist ein wahres Meisterwerk der gastronomischen Tradition der Insel, hergestellt aus \u00fcber 40 % ausgew\u00e4hlten Avola-Mandeln, die nach handwerklichen Methoden verarbeitet werden. Die Creme zeichnet sich durch eine weiche und samtige Konsistenz sowie einen reichhaltigen und nat\u00fcrlichen Geschmack aus, der die ganze S\u00fc\u00dfe der frischen Mandeln zur Geltung bringt, ganz ohne Zusatz von Konservierungsstoffen oder k\u00fcnstlichen Zusatzstoffen. <\/p>\n<p class=\"p1\">Jeder L\u00f6ffel dieser Creme verk\u00f6rpert die Reinheit sizilianischer Mandeln, die schonend ger\u00f6stet werden, um ein intensives und bet\u00f6rendes Aroma zu entfalten. Die cremige Konsistenz eignet sich perfekt zum Bestreichen von Brot, Zwieback oder Croissants, aber auch zum Verfeinern von hausgemachten Desserts, Eiscreme, Joghurt und frischem Obst. <\/p>\n<p class=\"p1\">Die sizilianische Mandelcreme ist ein vielseitiges Produkt, das sich sowohl zum Fr\u00fchst\u00fcck als auch als Zwischenmahlzeit perfekt eignet und zu jeder Tageszeit einen Hauch von nat\u00fcrlicher S\u00fc\u00dfe verleiht. Dank ihrer vollkommen nat\u00fcrlichen Zusammensetzung ist sie auch ideal f\u00fcr alle, die sich gesund und ausgewogen ern\u00e4hren, ohne dabei auf Geschmack verzichten zu m\u00fcssen. <\/p>\n<p class=\"p1\">Diese Creme wird in Gl\u00e4sern abgef\u00fcllt, die ihre Frische und Qualit\u00e4t bewahren, und l\u00e4sst Sie mit jedem L\u00f6ffel die Tradition und die Vorz\u00fcglichkeit sizilianischer Mandeln genie\u00dfen. Ein authentisches Geschmackserlebnis, das Sie direkt ins Herz Siziliens entf\u00fchrt. <\/p>\n<p class=\"p2\"><b>Zutaten<\/b><\/p>\n<p class=\"p3\">Die Mandelcreme besteht aus:<\/p>\n<ul class=\"ul1\">\n<li class=\"li4\"><span class=\"s3\">Avola-Mandeln 40 %;<\/span><\/li>\n<li class=\"li4\"><span class=\"s3\">Zucker;<\/span><\/li>\n<li class=\"li4\"><span class=\"s3\">Pflanzliches Fett (hoch\u00f6ls\u00e4urehaltiges Sonnenblumen\u00f6l, Kakaobutter);<\/span><\/li>\n<li class=\"li4\"><span class=\"s3\">Vollmilchpulver;<\/span><\/li>\n<li class=\"li4\"><span class=\"s3\">Magermilchpulver;<\/span><\/li>\n<li class=\"li4\"><span class=\"s3\">Emulgator: Sonnenblumenlecithin;<\/span><\/li>\n<li class=\"li5\"><span class=\"s3\">nat\u00fcrliches Vanillearoma.<\/span><\/li>\n<\/ul>\n","protected":false},"excerpt":{"rendered":"<p>Die sizilianische Mandelcreme \u201eInfinito\u201c ist ein wahres Meisterwerk der gastronomischen Tradition der Insel, hergestellt aus \u00fcber 40 % ausgew\u00e4hlten Avola-Mandeln, die nach handwerklichen Methoden verarbeitet werden.<br \/>Packungsgr\u00f6\u00dfe: 500 g<\/p>\n","protected":false},"featured_media":987498388,"template":"","meta":{"_et_pb_use_builder":"","_et_pb_old_content":"","_et_gb_content_width":""},"product_brand":[],"product_cat":[229],"product_tag":[],"class_list":{"0":"post-987499432","1":"product","2":"type-product","3":"status-publish","4":"has-post-thumbnail","6":"product_cat-mandeln","7":"pa_box-3-glaser-a-500-g","8":"pa_box-6-glaser-a-500-g","9":"pa_box-einzeln","11":"first","12":"instock","13":"sale","14":"shipping-taxable","15":"purchasable","16":"product-type-variable","17":"has-default-attributes"},"acf":[],"_links":{"self":[{"href":"https:\/\/gruppovaccara.com\/de\/wp-json\/wp\/v2\/product\/987499432","targetHints":{"allow":["GET"]}}],"collection":[{"href":"https:\/\/gruppovaccara.com\/de\/wp-json\/wp\/v2\/product"}],"about":[{"href":"https:\/\/gruppovaccara.com\/de\/wp-json\/wp\/v2\/types\/product"}],"wp:featuredmedia":[{"embeddable":true,"href":"https:\/\/gruppovaccara.com\/de\/wp-json\/wp\/v2\/media\/987498388"}],"wp:attachment":[{"href":"https:\/\/gruppovaccara.com\/de\/wp-json\/wp\/v2\/media?parent=987499432"}],"wp:term":[{"taxonomy":"product_brand","embeddable":true,"href":"https:\/\/gruppovaccara.com\/de\/wp-json\/wp\/v2\/product_brand?post=987499432"},{"taxonomy":"product_cat","embeddable":true,"href":"https:\/\/gruppovaccara.com\/de\/wp-json\/wp\/v2\/product_cat?post=987499432"},{"taxonomy":"product_tag","embeddable":true,"href":"https:\/\/gruppovaccara.com\/de\/wp-json\/wp\/v2\/product_tag?post=987499432"}],"curies":[{"name":"wp","href":"https:\/\/api.w.org\/{rel}","templated":true}]}}