{"id":987498378,"date":"2025-01-10T09:32:32","date_gmt":"2025-01-10T09:32:32","guid":{"rendered":"https:\/\/gruppovaccara.com\/?post_type=product&#038;p=987498378"},"modified":"2026-01-09T10:32:00","modified_gmt":"2026-01-09T10:32:00","slug":"infinito-mandorle-siciliane-sgusciate-naturale","status":"publish","type":"product","link":"https:\/\/gruppovaccara.com\/prodotto\/infinito-mandorle-siciliane-sgusciate-naturale\/","title":{"rendered":"INFINITO &#8211; Mandorle siciliane sgusciate naturale"},"content":{"rendered":"<p>Le Mandorle Naturali Siciliane Infinito provengono dai terreni fertili e soleggiati dell&#8217;isola, famosa per la sua tradizione agricola e il clima ideale per la coltivazione di frutti di alta qualit\u00e0. Queste mandorle sono raccolte a mano e accuratamente selezionate, garantendo un prodotto fresco e privo di trattamenti chimici.<br \/>\nOgni mandorla si distingue per il suo gusto ricco, dolce e leggermente amarognolo, con una consistenza croccante che esplode in bocca. Grazie al processo di essiccazione naturale, le mandorle mantengono intatti tutti i loro nutrienti, offrendo una fonte naturale di proteine, fibre, vitamine E e minerali essenziali.<br \/>\nPerfette per uno snack salutare, le Mandorle Naturali Siciliane sono ideali anche per arricchire dolci, torte, biscotti, o da aggiungere a piatti salati e insalate, esaltando ogni preparazione con il loro sapore unico.<br \/>\nIl prodotto \u00e8 confezionato in modo da preservarne la freschezza e la qualit\u00e0, garantendo il massimo della genuinit\u00e0, direttamente dalla Sicilia sulla tua tavola. Un&#8217;esperienza di gusto autentico e salutare, che ti permette di assaporare una delle eccellenze gastronomiche dell&#8217;isola.<\/p>\n","protected":false},"excerpt":{"rendered":"<p>Le Mandorle Naturali Siciliane Infinito provengono dai terreni fertili e soleggiati dell&#8217;isola, famosa per la sua tradizione agricola e il clima ideale per la coltivazione di frutti di alta qualit\u00e0.<\/p>\n<p><strong>Formato:<\/strong> 500gr<br \/>\nPrezzo singolo: 10,90\u20ac<\/p>\n","protected":false},"featured_media":987498390,"template":"","meta":{"_et_pb_use_builder":"","_et_pb_old_content":"","_et_gb_content_width":""},"product_brand":[],"product_cat":[170],"product_tag":[],"class_list":{"0":"post-987498378","1":"product","2":"type-product","3":"status-publish","4":"has-post-thumbnail","6":"product_cat-mandorle","7":"pa_box-3-buste-da-500gr","8":"pa_box-6-buste-da-500gr","9":"pa_box-singolo","11":"first","12":"outofstock","13":"sale","14":"shipping-taxable","15":"purchasable","16":"product-type-variable","17":"has-default-attributes"},"acf":[],"_links":{"self":[{"href":"https:\/\/gruppovaccara.com\/en\/wp-json\/wp\/v2\/product\/987498378","targetHints":{"allow":["GET"]}}],"collection":[{"href":"https:\/\/gruppovaccara.com\/en\/wp-json\/wp\/v2\/product"}],"about":[{"href":"https:\/\/gruppovaccara.com\/en\/wp-json\/wp\/v2\/types\/product"}],"wp:featuredmedia":[{"embeddable":true,"href":"https:\/\/gruppovaccara.com\/en\/wp-json\/wp\/v2\/media\/987498390"}],"wp:attachment":[{"href":"https:\/\/gruppovaccara.com\/en\/wp-json\/wp\/v2\/media?parent=987498378"}],"wp:term":[{"taxonomy":"product_brand","embeddable":true,"href":"https:\/\/gruppovaccara.com\/en\/wp-json\/wp\/v2\/product_brand?post=987498378"},{"taxonomy":"product_cat","embeddable":true,"href":"https:\/\/gruppovaccara.com\/en\/wp-json\/wp\/v2\/product_cat?post=987498378"},{"taxonomy":"product_tag","embeddable":true,"href":"https:\/\/gruppovaccara.com\/en\/wp-json\/wp\/v2\/product_tag?post=987498378"}],"curies":[{"name":"wp","href":"https:\/\/api.w.org\/{rel}","templated":true}]}}