{"id":987497292,"date":"2024-11-27T15:28:54","date_gmt":"2024-11-27T15:28:54","guid":{"rendered":"https:\/\/gruppovaccara.com\/vino-y-arte\/"},"modified":"2024-12-19T08:34:51","modified_gmt":"2024-12-19T08:34:51","slug":"vino-y-arte","status":"publish","type":"page","link":"https:\/\/gruppovaccara.com\/es\/vino-y-arte\/","title":{"rendered":"Vino y arte"},"content":{"rendered":"<p>[et_pb_section fb_built=\u00bb1&#8243; _builder_version=\u00bb4.27.0&#8243; _module_preset=\u00bbdefault\u00bb background_color=\u00bb#f3f0e8&#8243; overflow-x=\u00bbvisible\u00bb overflow-y=\u00bbvisible\u00bb custom_padding=\u00bb||60px|||\u00bb locked=\u00bboff\u00bb global_colors_info=\u00bb{}\u00bb][et_pb_row column_structure=\u00bb2_5,3_5&#8243; disabled_on=\u00bbon|off|off\u00bb _builder_version=\u00bb4.27.4&#8243; _module_preset=\u00bbdefault\u00bb max_width=\u00bb80%\u00bb overflow-x=\u00bbvisible\u00bb overflow-y=\u00bbvisible\u00bb hover_enabled=\u00bb0&#8243; global_colors_info=\u00bb{}\u00bb sticky_enabled=\u00bb0&#8243;][et_pb_column type=\u00bb2_5&#8243; _builder_version=\u00bb4.27.4&#8243; _module_preset=\u00bbdefault\u00bb custom_padding=\u00bb||||false|false\u00bb custom_padding_tablet=\u00bb0px||||false|false\u00bb custom_padding_phone=\u00bb\u00bb custom_padding_last_edited=\u00bbon|tablet\u00bb hover_enabled=\u00bb0&#8243; global_colors_info=\u00bb{}\u00bb sticky_enabled=\u00bb0&#8243;][et_pb_text _builder_version=\u00bb4.27.4&#8243; _module_preset=\u00bbdefault\u00bb text_font=\u00bbBarlow Condensed|700||on|||||\u00bb text_text_color=\u00bbrgba(0,0,0,0.15)\u00bb text_font_size=\u00bb50px\u00bb text_line_height=\u00bb1em\u00bb custom_margin=\u00bb||20px||false|false\u00bb global_colors_info=\u00bb{}\u00bb]<\/p>\n<p>luciana nespeca<\/p>\n<p>[\/et_pb_text][et_pb_text _builder_version=\u00bb4.27.0&#8243; _module_preset=\u00bbdefault\u00bb custom_margin=\u00bb||20px||false|false\u00bb global_colors_info=\u00bb{}\u00bb]<\/p>\n<h1>artista<\/h1>\n<p>[\/et_pb_text][et_pb_text _builder_version=\u00bb4.27.0&#8243; _module_preset=\u00bbdefault\u00bb text_font=\u00bb|300|||||||\u00bb global_colors_info=\u00bb{}\u00bb]<\/p>\n<p>En laboratorio de la galer\u00eda de arte Saletta Rosa Spina, la artista Luciana Nespeca dise\u00f1\u00f3 las etiquetas de autor exclusivamente para los vinos de Sicilia Infinito de Azienda Agr\u00edcola Vaccara.<\/p>\n<p>Aut\u00e9nticas obras de arte que despiertan emociones <\/p>\n<p>Luciana Nespeca naci\u00f3 en Roccafluvione (AP) en 1949.<br \/>\nGraduada en Artes Aplicadas, es licenciada en Sociolog\u00eda.<br \/>\nAsisti\u00f3 a cursos internacionales de t\u00e9cnicas de grabado (calcograf\u00eda, xilograf\u00eda, litograf\u00eda) en Urbino, Pomezia y Matera.<br \/>\nense\u00f1\u00f3 grabado en los institutos de arte estatales de Pescara y Ascoli Piceno y ha realizado cursos de calcograf\u00eda en Venecia, Pesaro y Teramo.<br \/>\nDurante quince a\u00f1os dirigi\u00f3 la Galer\u00eda de Arte Saletta Rosa Spina Incisioni en Ascoli Piceno.    <\/p>\n<p>Ha participado en innumerables exposiciones colectivas en Italia y en el extranjero.<br \/>\nSus trabajos se encuentran en las colecciones de prestigiosos museos europeos e internacionales como el Museo de Gutemberg en Maguncia, la Graphische Sammlung, Albertine, en Viena, la Galer\u00eda de Arte de Nueva Gales del Sur en Sidney, el Departamento Nacional de Grabados y Dibujos en Roma, la Galer\u00eda Nacional de las Marcas en Ancona, el Museo Ca&#8217; Pesaro en Venecia, el Museo del Libro en Mosc\u00fa, entre otros. <\/p>\n<p>Luciana Nespeca es una artista que siempre ha demostrado una gran voluntad y capacidad de acci\u00f3n, as\u00ed lo demuestra su compromiso en la difusi\u00f3n del conocimiento en las escuelas de arte, la organizaci\u00f3n de exposiciones y la creaci\u00f3n de una galer\u00eda de arte.<\/p>\n<p>[\/et_pb_text][et_pb_button button_url=\u00bbhttp:\/\/www.rosaspina.ap.it\/stamperia\/arte\/index.html?fbclid=IwAR3IBPZSc9-4e-1QOBz6Kht4cSK3qawYyjHydr_mjL8dSuwkHSsJ3V878mU#3&#8243; button_text=\u00bbInfo artista\u00bb button_alignment=\u00bbleft\u00bb _builder_version=\u00bb4.27.0&#8243; _module_preset=\u00bbdefault\u00bb custom_button=\u00bbon\u00bb button_text_color=\u00bb#FFFFFF\u00bb button_bg_color=\u00bb#79813F\u00bb button_font=\u00bb|||on|||||\u00bb global_colors_info=\u00bb{}\u00bb][\/et_pb_button][\/et_pb_column][et_pb_column type=\u00bb3_5&#8243; _builder_version=\u00bb4.16&#8243; _module_preset=\u00bbdefault\u00bb position_origin_r=\u00bbtop_right\u00bb global_colors_info=\u00bb{}\u00bb][et_pb_image src=\u00bbhttps:\/\/gruppovaccara.com\/wp-content\/uploads\/2024\/11\/Rosa-Spina-e-Paolo-Vaccara.jpg\u00bb title_text=\u00bbRosa Spina e Paolo Vaccara\u00bb align=\u00bbright\u00bb align_tablet=\u00bbleft\u00bb align_phone=\u00bb\u00bb align_last_edited=\u00bbon|phone\u00bb disabled_on=\u00bbon|off|off\u00bb _builder_version=\u00bb4.27.0&#8243; _module_preset=\u00bbdefault\u00bb width_tablet=\u00bb\u00bb width_phone=\u00bb\u00bb width_last_edited=\u00bbon|tablet\u00bb scroll_vertical_motion_enable=\u00bbon\u00bb scroll_vertical_motion=\u00bb0|50|50|100|1|0|-0.5&#8243; module_alignment_tablet=\u00bbleft\u00bb module_alignment_phone=\u00bb\u00bb module_alignment_last_edited=\u00bbon|tablet\u00bb global_colors_info=\u00bb{}\u00bb][\/et_pb_image][\/et_pb_column][\/et_pb_row][et_pb_row disabled_on=\u00bboff|on|on\u00bb _builder_version=\u00bb4.27.0&#8243; _module_preset=\u00bbdefault\u00bb global_colors_info=\u00bb{}\u00bb][et_pb_column type=\u00bb4_4&#8243; _builder_version=\u00bb4.27.0&#8243; _module_preset=\u00bbdefault\u00bb global_colors_info=\u00bb{}\u00bb][et_pb_text _builder_version=\u00bb4.27.0&#8243; _module_preset=\u00bbdefault\u00bb text_font=\u00bbBarlow Condensed|700||on|||||\u00bb text_text_color=\u00bbrgba(0,0,0,0.15)\u00bb text_font_size=\u00bb30px\u00bb custom_margin=\u00bb||20px||false|false\u00bb text_font_size_tablet=\u00bb30px\u00bb text_font_size_phone=\u00bb\u00bb text_font_size_last_edited=\u00bbon|phone\u00bb global_colors_info=\u00bb{}\u00bb]<\/p>\n<p>Caracter\u00edsticas y calidad<\/p>\n<p>[\/et_pb_text][et_pb_text _builder_version=\u00bb4.27.0&#8243; _module_preset=\u00bbdefault\u00bb header_font_size=\u00bb27px\u00bb global_colors_info=\u00bb{}\u00bb]<\/p>\n<h1>SANTA NINFA<\/h1>\n<p>[\/et_pb_text][et_pb_text _builder_version=\u00bb4.27.0&#8243; _module_preset=\u00bbdefault\u00bb text_font=\u00bb|300|||||||\u00bb custom_margin=\u00bb||0px||false|false\u00bb custom_padding=\u00bb||0px||false|false\u00bb global_colors_info=\u00bb{}\u00bb]<\/p>\n<p style=\"font-size: 18px; background-color: #f3f0e8;\">En laboratorio de la galer\u00eda de arte Saletta Rosa Spina, la artista Luciana Nespeca dise\u00f1\u00f3 las etiquetas de autor exclusivamente para los vinos de Sicilia Infinito de Azienda Agr\u00edcola Vaccara.<\/p>\n<p>Aut\u00e9nticas obras de arte que despiertan emociones <\/p>\n<p style=\"font-size: 18px; background-color: #f3f0e8;\">Luciana Nespeca naci\u00f3 en Roccafluvione (AP) en 1949.<br \/>\nGraduada en Artes Aplicadas, es licenciada en Sociolog\u00eda.<br \/>\nAsisti\u00f3 a cursos internacionales de t\u00e9cnicas de grabado (calcograf\u00eda, xilograf\u00eda, litograf\u00eda) en Urbino, Pomezia y Matera.<br \/>\nense\u00f1\u00f3 grabado en los institutos de arte estatales de Pescara y Ascoli Piceno y ha realizado cursos de calcograf\u00eda en Venecia, Pesaro y Teramo.<br \/>\nDurante quince a\u00f1os dirigi\u00f3 la Galer\u00eda de Arte Saletta Rosa Spina Incisioni en Ascoli Piceno.    <\/p>\n<p>[\/et_pb_text][\/et_pb_column][\/et_pb_row][et_pb_row disabled_on=\u00bboff|on|on\u00bb _builder_version=\u00bb4.27.0&#8243; _module_preset=\u00bbdefault\u00bb width=\u00bb100%\u00bb custom_margin=\u00bb0px||||false|false\u00bb custom_padding=\u00bb0px||||false|false\u00bb global_colors_info=\u00bb{}\u00bb][et_pb_column type=\u00bb4_4&#8243; _builder_version=\u00bb4.27.0&#8243; _module_preset=\u00bbdefault\u00bb global_colors_info=\u00bb{}\u00bb][et_pb_image src=\u00bbhttps:\/\/gruppovaccara.com\/wp-content\/uploads\/2024\/11\/Rosa-Spina-e-Paolo-Vaccara.jpg\u00bb title_text=\u00bbRosa Spina e Paolo Vaccara\u00bb align=\u00bbright\u00bb align_tablet=\u00bbleft\u00bb align_phone=\u00bb\u00bb align_last_edited=\u00bbon|phone\u00bb _builder_version=\u00bb4.27.0&#8243; _module_preset=\u00bbdefault\u00bb width_tablet=\u00bb\u00bb width_phone=\u00bb\u00bb width_last_edited=\u00bbon|tablet\u00bb scroll_vertical_motion_enable=\u00bbon\u00bb scroll_vertical_motion=\u00bb0|50|50|100|1|0|-0.5&#8243; module_alignment_tablet=\u00bbleft\u00bb module_alignment_phone=\u00bb\u00bb module_alignment_last_edited=\u00bbon|tablet\u00bb global_colors_info=\u00bb{}\u00bb][\/et_pb_image][\/et_pb_column][\/et_pb_row][et_pb_row disabled_on=\u00bboff|on|on\u00bb _builder_version=\u00bb4.27.0&#8243; _module_preset=\u00bbdefault\u00bb global_colors_info=\u00bb{}\u00bb][et_pb_column type=\u00bb4_4&#8243; _builder_version=\u00bb4.27.0&#8243; _module_preset=\u00bbdefault\u00bb global_colors_info=\u00bb{}\u00bb][et_pb_text _builder_version=\u00bb4.27.0&#8243; _module_preset=\u00bbdefault\u00bb text_font=\u00bb|300|||||||\u00bb global_colors_info=\u00bb{}\u00bb]<\/p>\n<p style=\"font-size: 18px; background-color: #f3f0e8;\"><br class=\"Apple-interchange-newline\">Ha participado en innumerables exposiciones colectivas en Italia y en el extranjero.<br \/>\nSus trabajos se encuentran en las colecciones de prestigiosos museos europeos e internacionales como el Museo de Gutemberg en Maguncia, la Graphische Sammlung, Albertine, en Viena, la Galer\u00eda de Arte de Nueva Gales del Sur en Sidney, el Departamento Nacional de Grabados y Dibujos en Roma, la Galer\u00eda Nacional de las Marcas en Ancona, el Museo Ca&#8217; Pesaro en Venecia, el Museo del Libro en Mosc\u00fa, entre otros. <\/p>\n<p style=\"font-size: 18px; background-color: #f3f0e8;\">Luciana Nespeca es una artista que siempre ha demostrado una gran voluntad y capacidad de acci\u00f3n, as\u00ed lo demuestra su compromiso en la difusi\u00f3n del conocimiento en las escuelas de arte, la organizaci\u00f3n de exposiciones y la creaci\u00f3n de una galer\u00eda de arte.<\/p>\n<p>[\/et_pb_text][\/et_pb_column][\/et_pb_row][et_pb_row column_structure=\u00bb1_3,1_3,1_3&#8243; use_custom_gutter=\u00bbon\u00bb gutter_width=\u00bb1&#8243; disabled_on=\u00bbon|off|off\u00bb _builder_version=\u00bb4.27.0&#8243; _module_preset=\u00bbdefault\u00bb max_width=\u00bb80%\u00bb module_alignment=\u00bbcenter\u00bb custom_margin=\u00bb|0px||0px|false|false\u00bb custom_padding=\u00bb|0px||0px|false|false\u00bb locked=\u00bboff\u00bb global_colors_info=\u00bb{}\u00bb][et_pb_column type=\u00bb1_3&#8243; _builder_version=\u00bb4.27.0&#8243; _module_preset=\u00bbdefault\u00bb global_colors_info=\u00bb{}\u00bb][et_pb_image src=\u00bbhttps:\/\/gruppovaccara.com\/wp-content\/uploads\/2024\/11\/vino-vaccara-illustrazione.png\u00bb title_text=\u00bbvino vaccara illustrazione\u00bb align=\u00bbcenter\u00bb force_fullwidth=\u00bbon\u00bb _builder_version=\u00bb4.27.0&#8243; _module_preset=\u00bbdefault\u00bb global_colors_info=\u00bb{}\u00bb][\/et_pb_image][\/et_pb_column][et_pb_column type=\u00bb1_3&#8243; _builder_version=\u00bb4.27.0&#8243; _module_preset=\u00bbdefault\u00bb global_colors_info=\u00bb{}\u00bb][et_pb_image src=\u00bbhttps:\/\/gruppovaccara.com\/wp-content\/uploads\/2024\/11\/illustrazioni-vini-Vaccara.png\u00bb title_text=\u00bbillustrazioni vini Vaccara\u00bb align=\u00bbcenter\u00bb force_fullwidth=\u00bbon\u00bb _builder_version=\u00bb4.27.0&#8243; _module_preset=\u00bbdefault\u00bb global_colors_info=\u00bb{}\u00bb][\/et_pb_image][\/et_pb_column][et_pb_column type=\u00bb1_3&#8243; _builder_version=\u00bb4.27.0&#8243; _module_preset=\u00bbdefault\u00bb global_colors_info=\u00bb{}\u00bb][et_pb_image src=\u00bbhttps:\/\/gruppovaccara.com\/wp-content\/uploads\/2024\/11\/vino-vaccara.png\u00bb title_text=\u00bbvino vaccara\u00bb align=\u00bbcenter\u00bb force_fullwidth=\u00bbon\u00bb _builder_version=\u00bb4.27.0&#8243; _module_preset=\u00bbdefault\u00bb global_colors_info=\u00bb{}\u00bb][\/et_pb_image][\/et_pb_column][\/et_pb_row][\/et_pb_section][et_pb_section fb_built=\u00bb1&#8243; _builder_version=\u00bb4.27.0&#8243; _module_preset=\u00bbdefault\u00bb background_color=\u00bb#f3f0e8&#8243; locked=\u00bboff\u00bb global_colors_info=\u00bb{}\u00bb][et_pb_row _builder_version=\u00bb4.17.4&#8243; _module_preset=\u00bbdefault\u00bb global_colors_info=\u00bb{}\u00bb][et_pb_column type=\u00bb4_4&#8243; _builder_version=\u00bb4.17.4&#8243; _module_preset=\u00bbdefault\u00bb global_colors_info=\u00bb{}\u00bb][et_pb_text disabled_on=\u00bboff|off|off\u00bb _builder_version=\u00bb4.27.0&#8243; _module_preset=\u00bbdefault\u00bb header_2_font=\u00bb|600|||||||\u00bb header_2_text_align=\u00bbcenter\u00bb header_2_font_size=\u00bb60px\u00bb custom_margin=\u00bb||||false|false\u00bb header_2_font_size_tablet=\u00bb60px\u00bb header_2_font_size_phone=\u00bb40px\u00bb header_2_font_size_last_edited=\u00bbon|phone\u00bb global_colors_info=\u00bb{}\u00bb]<\/p>\n<h2>I NOSTRI VINI<\/h2>\n<p>[\/et_pb_text][\/et_pb_column][\/et_pb_row][et_pb_row make_equal=\u00bbon\u00bb _builder_version=\u00bb4.27.0&#8243; _module_preset=\u00bbdefault\u00bb background_color=\u00bb#f3f0e8&#8243; width=\u00bb100%\u00bb max_width=\u00bb2560px\u00bb global_colors_info=\u00bb{}\u00bb][et_pb_column type=\u00bb4_4&#8243; _builder_version=\u00bb4.27.0&#8243; _module_preset=\u00bbdefault\u00bb global_colors_info=\u00bb{}\u00bb][dipl_woo_products_carousel products_number=\u00bb99&#8243; products_order_by=\u00bbrand\u00bb include_categories=\u00bb54&#8243; thumbnail_size=\u00bbwoocommerce_single\u00bb show_price=\u00bboff\u00bb simple_add_to_cart_text=\u00bbAggiungi al carrello\u00bb variable_add_to_cart_text=\u00bbScegli\u00bb out_of_stock_add_to_cart_text=\u00bbProdotto terminato\u00bb show_sale_badge=\u00bboff\u00bb equalize_slides_height=\u00bbon\u00bb add_to_cart_bg_color=\u00bb#79813F\u00bb products_per_slide_tablet=\u00bb2&#8243; products_per_slide_phone=\u00bb2&#8243; products_per_slide_last_edited=\u00bbon|phone\u00bb _builder_version=\u00bb4.27.0&#8243; _module_preset=\u00bbdefault\u00bb title_level=\u00bbh3&#8243; title_font=\u00bb|||on|||||\u00bb add_to_cart_font=\u00bb|||on|||||\u00bb add_to_cart_text_color=\u00bb#FFFFFF\u00bb max_width=\u00bb100%\u00bb global_colors_info=\u00bb{}\u00bb][\/dipl_woo_products_carousel][et_pb_button button_url=\u00bb@ET-DC@eyJkeW5hbWljIjp0cnVlLCJjb250ZW50IjoicG9zdF9saW5rX3VybF9wYWdlIiwic2V0dGluZ3MiOnsicG9zdF9pZCI6IjExIn19@\u00bb button_text=\u00bbVISITA LO SHOP\u00bb button_alignment=\u00bbcenter\u00bb _builder_version=\u00bb4.27.0&#8243; _dynamic_attributes=\u00bbbutton_url\u00bb _module_preset=\u00bbdefault\u00bb custom_button=\u00bbon\u00bb button_text_size=\u00bb22px\u00bb button_text_color=\u00bb#FFFFFF\u00bb button_bg_color=\u00bb#000000&#8243; button_border_radius=\u00bb0px\u00bb button_letter_spacing=\u00bb1px\u00bb button_font=\u00bbBarlow Condensed|||on|||||\u00bb locked=\u00bboff\u00bb global_colors_info=\u00bb{}\u00bb button_text_color__hover=\u00bb#000000&#8243; button_text_color__hover_enabled=\u00bbon|hover\u00bb button_bg_color__hover=\u00bb#F5CD4E\u00bb button_bg_color__hover_enabled=\u00bbon|hover\u00bb button_bg_enable_color__hover=\u00bbon\u00bb][\/et_pb_button][\/et_pb_column][\/et_pb_row][\/et_pb_section]<\/p>\n","protected":false},"excerpt":{"rendered":"<p>luciana nespecaartistaEn laboratorio de la galer\u00eda de arte Saletta Rosa Spina, la artista Luciana Nespeca dise\u00f1\u00f3 las etiquetas de autor exclusivamente para los vinos de Sicilia Infinito de Azienda Agr\u00edcola Vaccara.Aut\u00e9nticas obras de arte que despiertan emociones Luciana Nespeca naci\u00f3 en Roccafluvione (AP) en 1949. Graduada en Artes Aplicadas, es licenciada en Sociolog\u00eda. Asisti\u00f3 a [&hellip;]<\/p>\n","protected":false},"author":1,"featured_media":987497170,"parent":0,"menu_order":0,"comment_status":"closed","ping_status":"closed","template":"","meta":{"_et_pb_use_builder":"on","_et_pb_old_content":"","_et_gb_content_width":"","footnotes":""},"class_list":["post-987497292","page","type-page","status-publish","has-post-thumbnail","hentry"],"acf":[],"_links":{"self":[{"href":"https:\/\/gruppovaccara.com\/es\/wp-json\/wp\/v2\/pages\/987497292","targetHints":{"allow":["GET"]}}],"collection":[{"href":"https:\/\/gruppovaccara.com\/es\/wp-json\/wp\/v2\/pages"}],"about":[{"href":"https:\/\/gruppovaccara.com\/es\/wp-json\/wp\/v2\/types\/page"}],"author":[{"embeddable":true,"href":"https:\/\/gruppovaccara.com\/es\/wp-json\/wp\/v2\/users\/1"}],"replies":[{"embeddable":true,"href":"https:\/\/gruppovaccara.com\/es\/wp-json\/wp\/v2\/comments?post=987497292"}],"version-history":[{"count":0,"href":"https:\/\/gruppovaccara.com\/es\/wp-json\/wp\/v2\/pages\/987497292\/revisions"}],"wp:featuredmedia":[{"embeddable":true,"href":"https:\/\/gruppovaccara.com\/es\/wp-json\/wp\/v2\/media\/987497170"}],"wp:attachment":[{"href":"https:\/\/gruppovaccara.com\/es\/wp-json\/wp\/v2\/media?parent=987497292"}],"curies":[{"name":"wp","href":"https:\/\/api.w.org\/{rel}","templated":true}]}}