{"id":987497760,"date":"2022-06-23T11:52:30","date_gmt":"2022-06-23T11:52:30","guid":{"rendered":"https:\/\/gruppovaccara.com\/privacy-policy\/"},"modified":"2024-12-19T08:31:42","modified_gmt":"2024-12-19T08:31:42","slug":"privacy-policy","status":"publish","type":"page","link":"https:\/\/gruppovaccara.com\/es\/privacy-policy\/","title":{"rendered":"Privacy Policy"},"content":{"rendered":"<p>[et_pb_section fb_built=\u00bb1&#8243; _builder_version=\u00bb4.17.4&#8243; _module_preset=\u00bbdefault\u00bb background_color=\u00bb#f7f7f7&#8243; custom_padding=\u00bb45px||45px||true|false\u00bb global_colors_info=\u00bb{}\u00bb][et_pb_row _builder_version=\u00bb4.17.4&#8243; _module_preset=\u00bbdefault\u00bb global_colors_info=\u00bb{}\u00bb][et_pb_column type=\u00bb4_4&#8243; _builder_version=\u00bb4.17.4&#8243; _module_preset=\u00bbdefault\u00bb global_colors_info=\u00bb{}\u00bb][et_pb_text _builder_version=\u00bb4.17.4&#8243; _dynamic_attributes=\u00bbcontent\u00bb _module_preset=\u00bbdefault\u00bb text_font=\u00bbOswald||||||||\u00bb text_text_color=\u00bb#000000&#8243; text_font_size=\u00bb35px\u00bb text_orientation=\u00bbcenter\u00bb global_colors_info=\u00bb{}\u00bb]@ET-DC@eyJkeW5hbWljIjp0cnVlLCJjb250ZW50IjoicG9zdF90aXRsZSIsInNldHRpbmdzIjp7ImJlZm9yZSI6IiIsImFmdGVyIjoiIn19@[\/et_pb_text][\/et_pb_column][\/et_pb_row][\/et_pb_section][et_pb_section fb_built=\u00bb1&#8243; _builder_version=\u00bb4.17.4&#8243; _module_preset=\u00bbdefault\u00bb global_colors_info=\u00bb{}\u00bb][et_pb_row _builder_version=\u00bb4.17.4&#8243; _module_preset=\u00bbdefault\u00bb width=\u00bb60%\u00bb width_tablet=\u00bb75%\u00bb width_phone=\u00bb70%\u00bb width_last_edited=\u00bbon|desktop\u00bb global_colors_info=\u00bb{}\u00bb custom_margin=\u00bb-7px|auto||auto||\u00bb][et_pb_column type=\u00bb4_4&#8243; _builder_version=\u00bb4.17.4&#8243; _module_preset=\u00bbdefault\u00bb global_colors_info=\u00bb{}\u00bb][et_pb_text _builder_version=\u00bb4.27.4&#8243; _module_preset=\u00bbdefault\u00bb text_font=\u00bb|300|||||||\u00bb link_font=\u00bb||||on||||\u00bb link_text_color=\u00bb#000000&#8243; header_2_line_height=\u00bb1.2em\u00bb header_3_line_height=\u00bb1.3em\u00bb header_4_line_height=\u00bb1.4em\u00bb global_colors_info=\u00bb{}\u00bb link_text_color__hover_enabled=\u00bbon|hover\u00bb link_text_color__hover=\u00bb#7c7c7c\u00bb]<\/p>\n<h2>pol\u00edtica de privacidad<\/h2>\n<p><strong>Responsable del tratamiento de datos:<\/strong><\/p>\n<p class=\"mobile-undersized-upper\"><span class=\"textnormal mobile-undersized-upper\"><span>Gruppo Vaccara S.r.l.<\/span> <br \/><\/span><\/p>\n<p class=\"mobile-undersized-upper\"><span class=\"textnormal mobile-undersized-upper\">C.da Magazzinazzi, 22. <br \/><\/span><span class=\"textnormal mobile-undersized-upper\">91029 Santa Ninfa (TP) Italia<\/span><\/p>\n<p class=\"mobile-undersized-upper\"><span class=\"textnormal mobile-undersized-upper\"><strong>E-mail:<\/strong> info@gruppovaccara.com <\/span><\/p>\n<p>&nbsp;<\/p>\n<h2>Tipos de datos recopilados:<\/h2>\n<p>Este Sitio Web recoge distintos tipos de Datos Personales, tanto de forma propia como a trav\u00e9s de terceros. Los datos recabados incluyen datos de uso, nombre, apellidos, n\u00famero de tel\u00e9fono, correo electr\u00f3nico, fecha de nacimiento y sexo. Los detalles completos sobre cada tipo de Datos se proporcionan en las secciones dedicadas de esta pol\u00edtica de privacidad o mediante avisos espec\u00edficos antes de su recopilaci\u00f3n. El Usuario puede proporcionar dichos datos voluntariamente o, en el caso de Datos de Uso, se recopilan autom\u00e1ticamente mientras navega por el Sitio.   <\/p>\n<p>&nbsp;<\/p>\n<h2>Obligaci\u00f3n de datos:<\/h2>\n<p>Salvo que se indique lo contrario, todos los Datos solicitados son obligatorios. No proporcionarlo podr\u00eda imposibilitar la prestaci\u00f3n del Servicio. Cuando alg\u00fan dato se indique como opcional, el Usuario es libre de no facilitarlo sin que ello afecte a la disponibilidad del Servicio.  <\/p>\n<p>&nbsp;<\/p>\n<h2>Responsabilidad de los Datos Personales:<\/h2>\n<p>El Usuario es responsable de los Datos Personales de terceros obtenidos, publicados o compartidos a trav\u00e9s del Sitio Web.<\/p>\n<p>&nbsp;<\/p>\n<h2>M\u00e9todo y lugar de procesamiento de datos:<\/h2>\n<p>El Responsable del Tratamiento adopta medidas de seguridad para evitar el acceso no autorizado a los Datos Personales. El tratamiento se realiza mediante herramientas inform\u00e1ticas y telem\u00e1ticas, involucrando a sujetos internos y externos designados como Encargados del Tratamiento. Los Datos podr\u00e1n ser tratados en las oficinas operativas del Titular o en otros lugares donde se encuentren las partes involucradas en el tratamiento.  <\/p>\n<p>&nbsp;<\/p>\n<h2>Per\u00edodo de almacenamiento:<\/h2>\n<p>Los Datos Personales se conservan durante el tiempo necesario para los fines para los que fueron recabados, salvo obligaciones legales o consentimientos distintos por parte de los Usuarios.<\/p>\n<p>&nbsp;<\/p>\n<h2>Finalidad del Tratamiento de Datos:<\/h2>\n<p>Los Datos del Usuario son recogidos para permitir al Titular prestar el Servicio, cumplir obligaciones legales, atender solicitudes, proteger derechos e intereses, identificar actividades fraudulentas y para las finalidades de Estad\u00edsticas, Contacto del Usuario, Interacci\u00f3n con redes sociales, Registro y autenticaci\u00f3n, visualizaci\u00f3n. contenidos de plataformas externas, remarketing y segmentaci\u00f3n por comportamiento, gesti\u00f3n de etiquetas, gesti\u00f3n de contactos y env\u00edo de mensajes y publicidad.<\/p>\n<p>Para obtener informaci\u00f3n detallada sobre el procesamiento de Datos Personales para cada finalidad, el Usuario puede consultar la secci\u00f3n \u00abDetalles sobre el procesamiento de Datos Personales\u00bb.<\/p>\n<p>[\/et_pb_text][\/et_pb_column][\/et_pb_row][\/et_pb_section]<\/p>\n","protected":false},"excerpt":{"rendered":"<p>pol\u00edtica de privacidad Responsable del tratamiento de datos: Gruppo Vaccara S.r.l. C.da Magazzinazzi, 22. 91029 Santa Ninfa (TP) Italia E-mail: info@gruppovaccara.com &nbsp; Tipos de datos recopilados: Este Sitio Web recoge distintos tipos de Datos Personales, tanto de forma propia como a trav\u00e9s de terceros. Los datos recabados incluyen datos de uso, nombre, apellidos, n\u00famero de [&hellip;]<\/p>\n","protected":false},"author":1,"featured_media":0,"parent":0,"menu_order":0,"comment_status":"closed","ping_status":"closed","template":"","meta":{"_et_pb_use_builder":"on","_et_pb_old_content":"","_et_gb_content_width":"","footnotes":""},"class_list":["post-987497760","page","type-page","status-publish","hentry"],"acf":[],"_links":{"self":[{"href":"https:\/\/gruppovaccara.com\/es\/wp-json\/wp\/v2\/pages\/987497760","targetHints":{"allow":["GET"]}}],"collection":[{"href":"https:\/\/gruppovaccara.com\/es\/wp-json\/wp\/v2\/pages"}],"about":[{"href":"https:\/\/gruppovaccara.com\/es\/wp-json\/wp\/v2\/types\/page"}],"author":[{"embeddable":true,"href":"https:\/\/gruppovaccara.com\/es\/wp-json\/wp\/v2\/users\/1"}],"replies":[{"embeddable":true,"href":"https:\/\/gruppovaccara.com\/es\/wp-json\/wp\/v2\/comments?post=987497760"}],"version-history":[{"count":0,"href":"https:\/\/gruppovaccara.com\/es\/wp-json\/wp\/v2\/pages\/987497760\/revisions"}],"wp:attachment":[{"href":"https:\/\/gruppovaccara.com\/es\/wp-json\/wp\/v2\/media?parent=987497760"}],"curies":[{"name":"wp","href":"https:\/\/api.w.org\/{rel}","templated":true}]}}