{"id":987498073,"date":"2024-08-30T09:20:12","date_gmt":"2024-08-30T09:20:12","guid":{"rendered":"https:\/\/gruppovaccara.com\/prodotto\/nespeca-aceite-evo-bio-igp-bag-in-box\/"},"modified":"2026-01-09T11:22:00","modified_gmt":"2026-01-09T11:22:00","slug":"nespeca-aceite-evo-bio-igp-bag-in-box","status":"publish","type":"product","link":"https:\/\/gruppovaccara.com\/es\/prodotto\/nespeca-aceite-evo-bio-igp-bag-in-box\/","title":{"rendered":"Nespeca &#8211; Aceite EVO bio IGP Sicilia Bag in box"},"content":{"rendered":"<p>El aceite ecol\u00f3gico Nespeca IGP Sicilia se cre\u00f3 para los amantes de la naturaleza y la vida sana. Este aceite se produce sin utilizar pesticidas ni fertilizantes qu\u00edmicos, perjudiciales tanto para el medio ambiente como para el ser humano. Elaborado \u00fanicamente a partir del prensado de aceitunas Nocellara del Belice, una aceituna extraordinaria con propiedades incre\u00edbles, no en vano llamada la reina de todas las aceitunas. El aceite Nespeca se caracteriza por notas de hierba y alcachofa, frutado medio y sabor intenso, perfecto para ali\u00f1ar carnes rojas crudas y ensaladas. La recolecci\u00f3n para producir este extraordinario aceite se realiza con antelaci\u00f3n para preservar al m\u00e1ximo las propiedades de esta fant\u00e1stica aceituna antes de que se produzca el envero y con el prensado en fr\u00edo (no superior a 23 grados) maximizamos las fragancias que este aceite puede ofrecer.<br \/>\nPrensado en fr\u00edo de ciclo continuo<br \/>\nT\u00e9cnica de recolecci\u00f3n manual<\/p>\n<p><strong>NOTAS ORGANOL\u00c9PTICAS:<\/strong><\/p>\n<p><strong>ASPECTO<\/strong><br \/>\nColor verde con reflejos amarillo dorado.<br \/>\n<strong>SABOR<\/strong><br \/>\nSuave con un regusto muy afrutado a alcachofa y tomate verde.<br \/>\n<strong>AROMA<\/strong><br \/>\nAroma ligeramente afrutado de aceituna con toques de hierba.<\/p>\n","protected":false},"excerpt":{"rendered":"<p>El aceite ecol\u00f3gico Nespeca IGP Sicilia se cre\u00f3 para los amantes de la naturaleza y la vida sana. Este aceite se produce sin utilizar pesticidas ni fertilizantes qu\u00edmicos, perjudiciales tanto para el medio ambiente como para el ser humano.<\/p>\n<p><strong>Formato:<\/strong> 5lt<br \/>\n<strong>A\u00f1o: <\/strong>2025<\/p>\n","protected":false},"featured_media":987498412,"template":"","meta":{"_et_pb_use_builder":"","_et_pb_old_content":"","_et_gb_content_width":""},"product_brand":[],"product_cat":[128],"product_tag":[140,207],"class_list":{"0":"post-987498073","1":"product","2":"type-product","3":"status-publish","4":"has-post-thumbnail","6":"product_cat-aceite","7":"product_tag-nespeca-es","8":"product_tag-raccolta-2025-es","9":"pa_box-2-cajas-de-5-litros","10":"pa_box-4-cajas-de-5-litros","11":"pa_box-singolo-es","13":"first","14":"instock","15":"sale","16":"shipping-taxable","17":"purchasable","18":"product-type-variable","19":"has-default-attributes"},"acf":[],"_links":{"self":[{"href":"https:\/\/gruppovaccara.com\/es\/wp-json\/wp\/v2\/product\/987498073","targetHints":{"allow":["GET"]}}],"collection":[{"href":"https:\/\/gruppovaccara.com\/es\/wp-json\/wp\/v2\/product"}],"about":[{"href":"https:\/\/gruppovaccara.com\/es\/wp-json\/wp\/v2\/types\/product"}],"wp:featuredmedia":[{"embeddable":true,"href":"https:\/\/gruppovaccara.com\/es\/wp-json\/wp\/v2\/media\/987498412"}],"wp:attachment":[{"href":"https:\/\/gruppovaccara.com\/es\/wp-json\/wp\/v2\/media?parent=987498073"}],"wp:term":[{"taxonomy":"product_brand","embeddable":true,"href":"https:\/\/gruppovaccara.com\/es\/wp-json\/wp\/v2\/product_brand?post=987498073"},{"taxonomy":"product_cat","embeddable":true,"href":"https:\/\/gruppovaccara.com\/es\/wp-json\/wp\/v2\/product_cat?post=987498073"},{"taxonomy":"product_tag","embeddable":true,"href":"https:\/\/gruppovaccara.com\/es\/wp-json\/wp\/v2\/product_tag?post=987498073"}],"curies":[{"name":"wp","href":"https:\/\/api.w.org\/{rel}","templated":true}]}}