{"id":987499360,"date":"2025-09-20T15:08:05","date_gmt":"2025-09-20T15:08:05","guid":{"rendered":"https:\/\/gruppovaccara.com\/prodotto\/kit-gusta-ama\/"},"modified":"2025-09-20T15:08:05","modified_gmt":"2025-09-20T15:08:05","slug":"kit-gusta-ama","status":"publish","type":"product","link":"https:\/\/gruppovaccara.com\/es\/prodotto\/kit-gusta-ama\/","title":{"rendered":"Kit \u2013 Gusta &amp; Ama"},"content":{"rendered":"<p>Un viaje sensorial al coraz\u00f3n de Sicilia a trav\u00e9s de tres aceites de oliva virgen extra de excelencia, diferentes en car\u00e1cter e intensidad, pero unidos por la misma filosof\u00eda: calidad absoluta, recolecci\u00f3n manual y prensado en fr\u00edo.<\/p>\n<p>El kit \u00abGusta &amp; Ama le Intensit\u00e0\u00bb (Degusta y ama las intensidades) est\u00e1 pensado para quienes desean aprender a reconocer los matices del aceite EVO, maridarlo correctamente con los platos y vivir una aut\u00e9ntica experiencia de degustaci\u00f3n.<\/p>\n<p>El kit incluye:<\/p>\n<p>1 botella de 0,75 l Infinito Blend &#8211; Intensidad delicada.<br \/>\n1 botella de 0,75 l Biol\u00f3gico IGP Sicilia \u00abNespeca\u00bb &#8211; Intensidad media.<br \/>\n1 botella de 0,50 l Infinito Dop Valle del Belice &#8211; Intensidad decidida.<\/p>\n<p>\u25cf Intensidad delicada \u2013 Infinito Blend 0,75 l.<br \/>\nEsta mezcla de aceitunas seleccionadas, Nocellara del Belice, Biancolilla y Cerasuola, hace que el aceite Infinito sea equilibrado y delicado al paladar, con fuertes aromas de alcachofa y tomate, ideal para aderezar sopas, ensaladas y platos de pescado.<\/p>\n<p>\u25cf\u25cf Intensidad media \u2013 Ecol\u00f3gico IGP Sicilia \u00abNespeca\u00bb 0,75 l.<br \/>\nUn aceite ecol\u00f3gico de frutado medio, con notas vegetales m\u00e1s pronunciadas de hierba y alcachofa. Recolectado temprano y prensado en fr\u00edo, expresa un sabor intenso pero equilibrado, ideal para realzar ensaladas y carnes rojas crudas. <\/p>\n<p>\u25cf\u25cf\u25cf Intensidad decidida \u2013 DOP Valle del Belice 0,50 l<br \/>\nUn monocultivar Nocellara del Belice de sabor amargo y picante. Con aromas de aceituna fresca, hierba y ligeras notas de alcachofa y tomate verde.  Este aceite no debe filtrarse para mantener inalterados su aroma y sus propiedades y poder apreciar plenamente la calidad de este aceite como si acabara de salir del molino.<\/p>\n<p>&nbsp;<\/p>\n<p>Un kit dise\u00f1ado para comparar, degustar y elegir, ideal como regalo o para acercarse al mundo del aceite de oliva virgen extra de calidad.<\/p>\n","protected":false},"excerpt":{"rendered":"<p>Un viaje sensorial al coraz\u00f3n de Sicilia a trav\u00e9s de tres aceites de oliva virgen extra de excelencia, diferentes en car\u00e1cter e intensidad, pero unidos por la misma filosof\u00eda: calidad absoluta, recolecci\u00f3n manual y prensado en fr\u00edo.<\/p>\n<p>El kit \u00abGusta &amp; Ama le Intensit\u00e0\u00bb (Degusta y ama las intensidades) est\u00e1 pensado para quienes desean aprender a reconocer los matices del aceite EVO, maridarlo correctamente con los platos y vivir una aut\u00e9ntica experiencia de degustaci\u00f3n.<\/p>\n<p>El kit incluye:<\/p>\n<p>1 botella de 0,75 l Infinito Blend &#8211; Intensidad delicada.<br \/>\n1 botella de 0,75 l Biol\u00f3gico IGP Sicilia \u00abNespeca\u00bb &#8211; Intensidad media.<br \/>\n1 botella de 0,50 l Infinito Dop Valle del Belice &#8211; Intensidad decidida.<\/p>\n<p>&nbsp;<\/p>\n<h3><strong>\u00a1ENV\u00cdOS GRATUITOS!<\/strong><\/h3>\n","protected":false},"featured_media":987499220,"template":"","meta":{"_et_pb_use_builder":"","_et_pb_old_content":"","_et_gb_content_width":""},"product_brand":[],"product_cat":[128],"product_tag":[221,220],"class_list":{"0":"post-987499360","1":"product","2":"type-product","3":"status-publish","4":"has-post-thumbnail","6":"product_cat-aceite","7":"product_tag-en-oferta","8":"product_tag-kit","10":"first","11":"instock","12":"shipping-taxable","13":"purchasable","14":"product-type-simple"},"acf":[],"_links":{"self":[{"href":"https:\/\/gruppovaccara.com\/es\/wp-json\/wp\/v2\/product\/987499360","targetHints":{"allow":["GET"]}}],"collection":[{"href":"https:\/\/gruppovaccara.com\/es\/wp-json\/wp\/v2\/product"}],"about":[{"href":"https:\/\/gruppovaccara.com\/es\/wp-json\/wp\/v2\/types\/product"}],"wp:featuredmedia":[{"embeddable":true,"href":"https:\/\/gruppovaccara.com\/es\/wp-json\/wp\/v2\/media\/987499220"}],"wp:attachment":[{"href":"https:\/\/gruppovaccara.com\/es\/wp-json\/wp\/v2\/media?parent=987499360"}],"wp:term":[{"taxonomy":"product_brand","embeddable":true,"href":"https:\/\/gruppovaccara.com\/es\/wp-json\/wp\/v2\/product_brand?post=987499360"},{"taxonomy":"product_cat","embeddable":true,"href":"https:\/\/gruppovaccara.com\/es\/wp-json\/wp\/v2\/product_cat?post=987499360"},{"taxonomy":"product_tag","embeddable":true,"href":"https:\/\/gruppovaccara.com\/es\/wp-json\/wp\/v2\/product_tag?post=987499360"}],"curies":[{"name":"wp","href":"https:\/\/api.w.org\/{rel}","templated":true}]}}