{"id":987499436,"date":"2025-01-10T09:32:32","date_gmt":"2025-01-10T09:32:32","guid":{"rendered":"https:\/\/gruppovaccara.com\/prodotto\/infinito-almendras-sicilianas-peladas-al-natural\/"},"modified":"2025-01-10T09:32:32","modified_gmt":"2025-01-10T09:32:32","slug":"infinito-almendras-sicilianas-peladas-al-natural","status":"publish","type":"product","link":"https:\/\/gruppovaccara.com\/es\/prodotto\/infinito-almendras-sicilianas-peladas-al-natural\/","title":{"rendered":"INFINITO &#8211; Almendras sicilianas peladas al natural"},"content":{"rendered":"<p>Las almendras naturales sicilianas Infinito proceden de los f\u00e9rtiles y soleados terrenos de la isla, famosa por su tradici\u00f3n agr\u00edcola y su clima ideal para el cultivo de frutos de alta calidad. Estas almendras se recolectan a mano y se seleccionan cuidadosamente, lo que garantiza un producto fresco y libre de tratamientos qu\u00edmicos.<br \/>\nCada almendra destaca por su sabor intenso, dulce y ligeramente amargo, con una textura crujiente que estalla en la boca. Gracias al proceso de secado natural, las almendras conservan intactos todos sus nutrientes, lo que las convierte en una fuente natural de prote\u00ednas, fibra, vitamina E y minerales esenciales.<br \/>\nPerfectas como tentempi\u00e9 saludable, las almendras naturales sicilianas son ideales tambi\u00e9n para enriquecer postres, tartas y galletas, o para a\u00f1adir a platos salados y ensaladas, realzando cada preparaci\u00f3n con su sabor \u00fanico.<br \/>\nEl producto est\u00e1 envasado de manera que se preserve su frescura y calidad, garantizando la m\u00e1xima autenticidad, directamente desde Sicilia a tu mesa. Una experiencia de sabor aut\u00e9ntico y saludable, que te permite saborear una de las excelencias gastron\u00f3micas de la isla.   <\/p>\n","protected":false},"excerpt":{"rendered":"<p>Las almendras naturales sicilianas Infinito proceden de los f\u00e9rtiles y soleados terrenos de la isla, famosa por su tradici\u00f3n agr\u00edcola y su clima ideal para el cultivo de frutos de alta calidad.<br \/>Formato: 500 g<br \/>\nPrecio unitario: 10,90 \u20ac<\/p>\n","protected":false},"featured_media":987498393,"template":"","meta":{"_et_pb_use_builder":"","_et_pb_old_content":"","_et_gb_content_width":""},"product_brand":[],"product_cat":[234],"product_tag":[],"class_list":{"0":"post-987499436","1":"product","2":"type-product","3":"status-publish","4":"has-post-thumbnail","6":"product_cat-almendras","7":"pa_box-3-bolsas-de-500-g","8":"pa_box-6-bolsas-de-500-g","9":"pa_box-singolo-es","11":"first","12":"outofstock","13":"sale","14":"shipping-taxable","15":"purchasable","16":"product-type-variable","17":"has-default-attributes"},"acf":[],"_links":{"self":[{"href":"https:\/\/gruppovaccara.com\/es\/wp-json\/wp\/v2\/product\/987499436","targetHints":{"allow":["GET"]}}],"collection":[{"href":"https:\/\/gruppovaccara.com\/es\/wp-json\/wp\/v2\/product"}],"about":[{"href":"https:\/\/gruppovaccara.com\/es\/wp-json\/wp\/v2\/types\/product"}],"wp:featuredmedia":[{"embeddable":true,"href":"https:\/\/gruppovaccara.com\/es\/wp-json\/wp\/v2\/media\/987498393"}],"wp:attachment":[{"href":"https:\/\/gruppovaccara.com\/es\/wp-json\/wp\/v2\/media?parent=987499436"}],"wp:term":[{"taxonomy":"product_brand","embeddable":true,"href":"https:\/\/gruppovaccara.com\/es\/wp-json\/wp\/v2\/product_brand?post=987499436"},{"taxonomy":"product_cat","embeddable":true,"href":"https:\/\/gruppovaccara.com\/es\/wp-json\/wp\/v2\/product_cat?post=987499436"},{"taxonomy":"product_tag","embeddable":true,"href":"https:\/\/gruppovaccara.com\/es\/wp-json\/wp\/v2\/product_tag?post=987499436"}],"curies":[{"name":"wp","href":"https:\/\/api.w.org\/{rel}","templated":true}]}}