{"id":987499440,"date":"2025-01-10T09:36:35","date_gmt":"2025-01-10T09:36:35","guid":{"rendered":"https:\/\/gruppovaccara.com\/prodotto\/infinito-almendras-sicilianas-peladas\/"},"modified":"2025-01-10T09:36:35","modified_gmt":"2025-01-10T09:36:35","slug":"infinito-almendras-sicilianas-peladas","status":"publish","type":"product","link":"https:\/\/gruppovaccara.com\/es\/prodotto\/infinito-almendras-sicilianas-peladas\/","title":{"rendered":"INFINITO &#8211; Almendras sicilianas peladas"},"content":{"rendered":"<p>Las almendras peladas sicilianas son una aut\u00e9ntica delicia de la tradici\u00f3n siciliana, elaboradas con almendras de la m\u00e1s alta calidad cultivadas en los f\u00e9rtiles terrenos de la isla. Cada almendra se selecciona cuidadosamente, se descascarilla y luego se pela con delicadeza para garantizar la m\u00e1xima frescura y suavidad.<br \/>\nEstas almendras presentan una textura fina y un sabor dulce y delicado, sin amargor, perfectas para quienes buscan un producto refinado y vers\u00e1til. El proceso de pelado natural conserva todos los nutrientes esenciales, como vitaminas, minerales, fibra y prote\u00ednas, lo que las convierte en un alimento sano y nutritivo, ideal para un tentempi\u00e9 ligero o para enriquecer tus recetas.<br \/>\nLas almendras peladas sicilianas son perfectas para utilizarlas en reposter\u00eda, para preparar tartas, galletas y dulces t\u00edpicos como la fruta martorana, pero tambi\u00e9n en platos salados, ensaladas, muesli o para decorar yogures y helados.<br \/>\nEnvasadas en pr\u00e1cticos envases que conservan su frescura, estas almendras son un concentrado de sabor y tradici\u00f3n, llevando a tu mesa toda la autenticidad de Sicilia. Un producto ideal para quienes desean disfrutar de lo mejor de las almendras en una forma limpia y lista para usar.   <\/p>\n","protected":false},"excerpt":{"rendered":"<p>Las almendras peladas sicilianas son una aut\u00e9ntica delicia de la tradici\u00f3n siciliana, elaboradas con almendras de la m\u00e1s alta calidad cultivadas en los f\u00e9rtiles terrenos de la isla.<br \/>Formato: 500 g<\/p>\n","protected":false},"featured_media":987498397,"template":"","meta":{"_et_pb_use_builder":"","_et_pb_old_content":"","_et_gb_content_width":""},"product_brand":[],"product_cat":[234],"product_tag":[],"class_list":{"0":"post-987499440","1":"product","2":"type-product","3":"status-publish","4":"has-post-thumbnail","6":"product_cat-almendras","7":"pa_box-3-bolsas-de-500-g","8":"pa_box-6-bolsas-de-500-g","9":"pa_box-singolo-es","11":"first","12":"outofstock","13":"sale","14":"shipping-taxable","15":"purchasable","16":"product-type-variable","17":"has-default-attributes"},"acf":[],"_links":{"self":[{"href":"https:\/\/gruppovaccara.com\/es\/wp-json\/wp\/v2\/product\/987499440","targetHints":{"allow":["GET"]}}],"collection":[{"href":"https:\/\/gruppovaccara.com\/es\/wp-json\/wp\/v2\/product"}],"about":[{"href":"https:\/\/gruppovaccara.com\/es\/wp-json\/wp\/v2\/types\/product"}],"wp:featuredmedia":[{"embeddable":true,"href":"https:\/\/gruppovaccara.com\/es\/wp-json\/wp\/v2\/media\/987498397"}],"wp:attachment":[{"href":"https:\/\/gruppovaccara.com\/es\/wp-json\/wp\/v2\/media?parent=987499440"}],"wp:term":[{"taxonomy":"product_brand","embeddable":true,"href":"https:\/\/gruppovaccara.com\/es\/wp-json\/wp\/v2\/product_brand?post=987499440"},{"taxonomy":"product_cat","embeddable":true,"href":"https:\/\/gruppovaccara.com\/es\/wp-json\/wp\/v2\/product_cat?post=987499440"},{"taxonomy":"product_tag","embeddable":true,"href":"https:\/\/gruppovaccara.com\/es\/wp-json\/wp\/v2\/product_tag?post=987499440"}],"curies":[{"name":"wp","href":"https:\/\/api.w.org\/{rel}","templated":true}]}}