{"id":987499444,"date":"2025-01-10T09:56:16","date_gmt":"2025-01-10T09:56:16","guid":{"rendered":"https:\/\/gruppovaccara.com\/prodotto\/infinito-estuche-de-crema-para-untar-de-almendras-de-avola\/"},"modified":"2025-01-10T09:56:16","modified_gmt":"2025-01-10T09:56:16","slug":"infinito-estuche-de-crema-para-untar-de-almendras-de-avola","status":"publish","type":"product","link":"https:\/\/gruppovaccara.com\/es\/prodotto\/infinito-estuche-de-crema-para-untar-de-almendras-de-avola\/","title":{"rendered":"INFINITO &#8211; Estuche de crema para untar de almendras de Avola"},"content":{"rendered":"<p class=\"p1\">La crema de almendras sicilianas Infinito es una aut\u00e9ntica obra maestra de la tradici\u00f3n gastron\u00f3mica de la isla, elaborada con m\u00e1s del 40 % de almendras de Avola seleccionadas y procesadas con m\u00e9todos artesanales. La crema se caracteriza por una textura suave y aterciopelada, con un sabor intenso y natural que realza todo el dulzor de las almendras frescas, sin conservantes ni aditivos artificiales a\u00f1adidos. <\/p>\n<p class=\"p1\">Cada cucharada de esta crema encierra la pureza de las almendras sicilianas, que se tuestan delicadamente para desprender un aroma intenso y envolvente. Su cremosidad es perfecta para untar en pan, bizcochos o croissants, pero tambi\u00e9n para aderezar postres caseros, helados, yogures y fruta fresca. <\/p>\n<p class=\"p1\">La crema de almendras sicilianas es un producto vers\u00e1til que se adapta perfectamente tanto al desayuno como a la merienda, aportando un toque de dulzura natural en cualquier momento del d\u00eda. Gracias a su composici\u00f3n totalmente natural, tambi\u00e9n es ideal para quienes siguen una dieta sana y equilibrada, sin renunciar al sabor. <\/p>\n<p class=\"p1\">Envasada en tarros que conservan su frescura y calidad, esta crema te permite disfrutar de la tradici\u00f3n y la excelencia de las almendras sicilianas en cada cucharada. Una aut\u00e9ntica experiencia de sabor que te transporta directamente al coraz\u00f3n de Sicilia. <\/p>\n<p class=\"p2\"><b>Ingredientes<\/b><\/p>\n<p class=\"p3\">La crema de almendras est\u00e1 compuesta por:<\/p>\n<ul class=\"ul1\">\n<li class=\"li4\"><span class=\"s3\">Almendras de Avola 40 %;<\/span><\/li>\n<li class=\"li4\"><span class=\"s3\">az\u00facar;<\/span><\/li>\n<li class=\"li4\"><span class=\"s3\">grasa vegetal (girasol altoleico, manteca de cacao);<\/span><\/li>\n<li class=\"li4\"><span class=\"s3\">leche entera en polvo;<\/span><\/li>\n<li class=\"li4\"><span class=\"s3\">leche desnatada en polvo;<\/span><\/li>\n<li class=\"li4\"><span class=\"s3\">emulsionante de lecitina de girasol;<\/span><\/li>\n<li class=\"li5\"><span class=\"s3\">aroma natural de vainilla.<\/span><\/li>\n<\/ul>\n","protected":false},"excerpt":{"rendered":"<p>La crema de almendras sicilianas Infinito es una aut\u00e9ntica obra maestra de la tradici\u00f3n gastron\u00f3mica de la isla, elaborada con m\u00e1s del 40 % de almendras de Avola seleccionadas y procesadas de forma artesanal.<br \/>Formato: 500 g<\/p>\n","protected":false},"featured_media":987498389,"template":"","meta":{"_et_pb_use_builder":"","_et_pb_old_content":"","_et_gb_content_width":""},"product_brand":[],"product_cat":[234],"product_tag":[],"class_list":{"0":"post-987499444","1":"product","2":"type-product","3":"status-publish","4":"has-post-thumbnail","6":"product_cat-almendras","7":"pa_box-3-tarros-de-500-g","8":"pa_box-6-tarros-de-500-g","9":"pa_box-singolo-es","11":"first","12":"instock","13":"sale","14":"shipping-taxable","15":"purchasable","16":"product-type-variable","17":"has-default-attributes"},"acf":[],"_links":{"self":[{"href":"https:\/\/gruppovaccara.com\/es\/wp-json\/wp\/v2\/product\/987499444","targetHints":{"allow":["GET"]}}],"collection":[{"href":"https:\/\/gruppovaccara.com\/es\/wp-json\/wp\/v2\/product"}],"about":[{"href":"https:\/\/gruppovaccara.com\/es\/wp-json\/wp\/v2\/types\/product"}],"wp:featuredmedia":[{"embeddable":true,"href":"https:\/\/gruppovaccara.com\/es\/wp-json\/wp\/v2\/media\/987498389"}],"wp:attachment":[{"href":"https:\/\/gruppovaccara.com\/es\/wp-json\/wp\/v2\/media?parent=987499444"}],"wp:term":[{"taxonomy":"product_brand","embeddable":true,"href":"https:\/\/gruppovaccara.com\/es\/wp-json\/wp\/v2\/product_brand?post=987499444"},{"taxonomy":"product_cat","embeddable":true,"href":"https:\/\/gruppovaccara.com\/es\/wp-json\/wp\/v2\/product_cat?post=987499444"},{"taxonomy":"product_tag","embeddable":true,"href":"https:\/\/gruppovaccara.com\/es\/wp-json\/wp\/v2\/product_tag?post=987499444"}],"curies":[{"name":"wp","href":"https:\/\/api.w.org\/{rel}","templated":true}]}}